{"id":99,"date":"2010-01-23T22:28:10","date_gmt":"2010-01-23T21:28:10","guid":{"rendered":"http:\/\/aeroclub-creil.org\/?page_id=99"},"modified":"2024-03-17T20:57:42","modified_gmt":"2024-03-17T19:57:42","slug":"examen-ppl-theorique","status":"publish","type":"page","link":"https:\/\/aeroclubduvalois.fr\/index.php\/about\/les-titres\/la-licence-de-pilote-prive-avion-ppla\/examen-ppl-theorique\/","title":{"rendered":"Examen PPL th\u00e9orique (ancien &#8211; maj n\u00e9cessaire)"},"content":{"rendered":"<p>L&#8217;examen th\u00e9orique de pilote priv\u00e9 d&#8217;avion se pr\u00e9sente sous la forme de 120 QCM (questions \u00e0 choix multiples), r\u00e9parties en 2 modules :<\/p>\n<ul>\n<li>Sujet commun (48 questions)\n<ul>\n<li>R\u00e8glementation<\/li>\n<li>Performance humaine<\/li>\n<li>M\u00e9t\u00e9orologie<\/li>\n<li>Communications<\/li>\n<\/ul>\n<\/li>\n<li>Sujet sp\u00e9cifique (72 questions)\n<ul>\n<li>Principes du vol<\/li>\n<li>Proc\u00e9dures Op\u00e9rationnelles<\/li>\n<li>Performances et pr\u00e9paration du vol<\/li>\n<li>Connaissances g\u00e9n\u00e9rales de l&#8217;a\u00e9ronef<\/li>\n<li>Navigation<\/li>\n<\/ul>\n<\/li>\n<\/ul>\n<p>L&#8217;examen est attribu\u00e9 en cas d&#8217;obtention d&#8217;une note de 75% \u00e0 chacun des 2 modules. Il permet de pr\u00e9senter les examens en vol de l&#8217;<a title=\"L\u2019Autorisation de Base LAPL \u2013 ABL\" href=\"http:\/\/aeroclubduvalois.fr\/?page_id=3473\">ABL<\/a>, du <a title=\"La Licence de Pilote priv\u00e9 A\u00e9ronef L\u00e9ger, ou LAPL(A)\" href=\"http:\/\/aeroclubduvalois.fr\/?page_id=3471\">LAPL<\/a> et du <a title=\"Examen PPL pratique\" href=\"http:\/\/aeroclubduvalois.fr\/?page_id=101\">PPL<\/a>.<br \/>\nIl se d\u00e9roule dans un centre d&#8217;examen de la Direction G\u00e9n\u00e9rale de l&#8217;Aviation Civile (Beauvais, Orly, etc.)<\/p>\n","protected":false},"excerpt":{"rendered":"<p>L&#8217;examen th\u00e9orique de pilote priv\u00e9 d&#8217;avion se pr\u00e9sente sous la forme de 120 QCM (questions \u00e0 choix multiples), r\u00e9parties en 2 modules : Sujet commun (48 questions) R\u00e8glementation Performance humaine &hellip; <\/p>\n<p class=\"link-more\"><a href=\"https:\/\/aeroclubduvalois.fr\/index.php\/about\/les-titres\/la-licence-de-pilote-prive-avion-ppla\/examen-ppl-theorique\/\" class=\"more-link\">Lire la suite de<span class=\"screen-reader-text\">\u00ab\u00a0Examen PPL th\u00e9orique (ancien &#8211; maj n\u00e9cessaire)\u00a0\u00bb<\/span><\/a><\/p>\n","protected":false},"author":1,"featured_media":0,"parent":67,"menu_order":0,"comment_status":"closed","ping_status":"closed","template":"","meta":{"inspiro_hide_title":false,"footnotes":""},"class_list":["post-99","page","type-page","status-publish","hentry"],"_links":{"self":[{"href":"https:\/\/aeroclubduvalois.fr\/index.php\/wp-json\/wp\/v2\/pages\/99","targetHints":{"allow":["GET"]}}],"collection":[{"href":"https:\/\/aeroclubduvalois.fr\/index.php\/wp-json\/wp\/v2\/pages"}],"about":[{"href":"https:\/\/aeroclubduvalois.fr\/index.php\/wp-json\/wp\/v2\/types\/page"}],"author":[{"embeddable":true,"href":"https:\/\/aeroclubduvalois.fr\/index.php\/wp-json\/wp\/v2\/users\/1"}],"replies":[{"embeddable":true,"href":"https:\/\/aeroclubduvalois.fr\/index.php\/wp-json\/wp\/v2\/comments?post=99"}],"version-history":[{"count":1,"href":"https:\/\/aeroclubduvalois.fr\/index.php\/wp-json\/wp\/v2\/pages\/99\/revisions"}],"predecessor-version":[{"id":5252,"href":"https:\/\/aeroclubduvalois.fr\/index.php\/wp-json\/wp\/v2\/pages\/99\/revisions\/5252"}],"up":[{"embeddable":true,"href":"https:\/\/aeroclubduvalois.fr\/index.php\/wp-json\/wp\/v2\/pages\/67"}],"wp:attachment":[{"href":"https:\/\/aeroclubduvalois.fr\/index.php\/wp-json\/wp\/v2\/media?parent=99"}],"curies":[{"name":"wp","href":"https:\/\/api.w.org\/{rel}","templated":true}]}}