{"id":69,"date":"2010-01-23T21:02:53","date_gmt":"2010-01-23T19:02:53","guid":{"rendered":"http:\/\/aeroclub-creil.org\/?page_id=69"},"modified":"2024-03-18T14:05:30","modified_gmt":"2024-03-18T13:05:30","slug":"les-titres","status":"publish","type":"page","link":"https:\/\/aeroclubduvalois.fr\/index.php\/about\/les-titres\/","title":{"rendered":"Piloter un avion"},"content":{"rendered":"<p>Tout au long de sa progression, un pilote pourra obtenir les diff\u00e9rents titres ou dipl\u00f4mes suivants :<\/p>\n<ul>\n<li>Le Brevet d&#8217;Initiation A\u00e9ronautique, <a title=\"Le Brevet d\u2019Initiation A\u00e9ronautique, BIA\" href=\"http:\/\/aeroclubduvalois.fr\/?page_id=3480\">BIA<\/a><\/li>\n<li>L\u2019Autorisation de Base LAPL, <a title=\"L\u2019Autorisation de Base LAPL \u2013 ABL\" href=\"http:\/\/aeroclubduvalois.fr\/?page_id=3473\">ABL<\/a><\/li>\n<li>La Licence de Pilote priv\u00e9 A\u00e9ronef L\u00e9ger, <a title=\"La Licence de Pilote priv\u00e9 A\u00e9ronef L\u00e9ger, ou LAPL(A)\" href=\"http:\/\/aeroclubduvalois.fr\/?page_id=3471\">LAPL<\/a><\/li>\n<li>La Licence de Pilote Priv\u00e9 Avion, <a title=\"PPL(A)\" href=\"?page_id=67\">PPL(A)<\/a><\/li>\n<li>La qualification Vol de nuit<\/li>\n<\/ul>\n","protected":false},"excerpt":{"rendered":"<p>Tout au long de sa progression, un pilote pourra obtenir les diff\u00e9rents titres ou dipl\u00f4mes suivants : Le Brevet d&#8217;Initiation A\u00e9ronautique, BIA L\u2019Autorisation de Base LAPL, ABL La Licence de &hellip; <\/p>\n<p class=\"link-more\"><a href=\"https:\/\/aeroclubduvalois.fr\/index.php\/about\/les-titres\/\" class=\"more-link\">Lire la suite de<span class=\"screen-reader-text\">\u00ab\u00a0Piloter un avion\u00a0\u00bb<\/span><\/a><\/p>\n","protected":false},"author":1,"featured_media":0,"parent":4954,"menu_order":0,"comment_status":"closed","ping_status":"closed","template":"","meta":{"inspiro_hide_title":false,"footnotes":""},"class_list":["post-69","page","type-page","status-publish","hentry"],"_links":{"self":[{"href":"https:\/\/aeroclubduvalois.fr\/index.php\/wp-json\/wp\/v2\/pages\/69","targetHints":{"allow":["GET"]}}],"collection":[{"href":"https:\/\/aeroclubduvalois.fr\/index.php\/wp-json\/wp\/v2\/pages"}],"about":[{"href":"https:\/\/aeroclubduvalois.fr\/index.php\/wp-json\/wp\/v2\/types\/page"}],"author":[{"embeddable":true,"href":"https:\/\/aeroclubduvalois.fr\/index.php\/wp-json\/wp\/v2\/users\/1"}],"replies":[{"embeddable":true,"href":"https:\/\/aeroclubduvalois.fr\/index.php\/wp-json\/wp\/v2\/comments?post=69"}],"version-history":[{"count":1,"href":"https:\/\/aeroclubduvalois.fr\/index.php\/wp-json\/wp\/v2\/pages\/69\/revisions"}],"predecessor-version":[{"id":5274,"href":"https:\/\/aeroclubduvalois.fr\/index.php\/wp-json\/wp\/v2\/pages\/69\/revisions\/5274"}],"up":[{"embeddable":true,"href":"https:\/\/aeroclubduvalois.fr\/index.php\/wp-json\/wp\/v2\/pages\/4954"}],"wp:attachment":[{"href":"https:\/\/aeroclubduvalois.fr\/index.php\/wp-json\/wp\/v2\/media?parent=69"}],"curies":[{"name":"wp","href":"https:\/\/api.w.org\/{rel}","templated":true}]}}