{"id":4954,"date":"2010-01-22T03:33:10","date_gmt":"2010-01-22T03:33:10","guid":{"rendered":"http:\/\/aeroclub-creil.org\/?page_id=2"},"modified":"2024-03-18T23:26:15","modified_gmt":"2024-03-18T22:26:15","slug":"about","status":"publish","type":"page","link":"https:\/\/aeroclubduvalois.fr\/index.php\/about\/","title":{"rendered":"L&#8217;a\u00e9roclub du Valois (Anciennement Creil-Senlis-Chantilly)"},"content":{"rendered":"\n<p>Tout ce que vous avez toujours voulu savoir sur l&#8217;A\u00e9roclub (sans jamais oser le demander) :<\/p>\n\n\n\n<h2 class=\"wp-block-heading has-text-align-center\"><a href=\"http:\/\/aeroclubduvalois.fr\/wp-content\/uploads\/2021\/04\/2021-04-18_AC-Creil_Foire-aux-questions-public-exterieur.pdf\">Foire aux questions<\/a><\/h2>\n\n\n<figure id=\"attachment_33\" aria-describedby=\"caption-attachment-33\" style=\"width: 558px\" class=\"wp-caption aligncenter\"><img loading=\"lazy\" decoding=\"async\" class=\"wp-image-33  \" title=\"Un avion \u00e9cole devant les installations de l'a\u00e9ro-club\" src=\"http:\/\/aeroclubduvalois.fr\/wp-content\/uploads\/2010\/01\/Creil_20090501_59_accueil.jpg\" alt=\"Un avion \u00e9cole devant les installations de l'a\u00e9ro-club\" width=\"558\" height=\"266\" srcset=\"https:\/\/aeroclubduvalois.fr\/wp-content\/uploads\/2010\/01\/Creil_20090501_59_accueil.jpg 800w, https:\/\/aeroclubduvalois.fr\/wp-content\/uploads\/2010\/01\/Creil_20090501_59_accueil-300x143.jpg 300w, https:\/\/aeroclubduvalois.fr\/wp-content\/uploads\/2010\/01\/Creil_20090501_59_accueil-768x366.jpg 768w\" sizes=\"auto, (max-width: 558px) 100vw, 558px\" \/><figcaption id=\"caption-attachment-33\" class=\"wp-caption-text\">Un avion \u00e9cole devant les installations historiques de l&#8217;a\u00e9ro-club<\/figcaption><\/figure>\n<h2>L&#8217;a\u00e9roclub du Valois<\/h2>\n<p style=\"text-align: justify;\">Cr\u00e9\u00e9 en 1946, l&#8217;a\u00e9roclub du Valois est une association \u00e0 but non lucratif dont l&#8217;organisation est r\u00e9gie par la loi de 1901. Notre club est affili\u00e9 \u00e0 la <a href=\"https:\/\/www.ff-aero.fr\/\">F\u00e9d\u00e9ration Fran\u00e7aise A\u00e9ronautique<\/a>. Son fonctionnement repose essentiellement sur le b\u00e9n\u00e9volat de ses dirigeants, instructeurs, ainsi que de tous ses membres en g\u00e9n\u00e9ral.<\/p>\n<p style=\"text-align: justify;\">Sa vocation est multiple :<\/p>\n<ul>\n<li style=\"text-align: justify;\">accueillir les visiteurs d\u00e9sireux de d\u00e9couvrir l&#8217;aviation et leur proposer :\n<ul>\n<li>des <a href=\"https:\/\/aeroclubduvalois.fr\/index.php\/about\/stage-decouverte\/\">vols d&#8217;initiation<\/a><\/li>\n<li>des <a href=\"https:\/\/aeroclubduvalois.fr\/index.php\/about\/baptemes-de-lair-2\/\">bapt\u00eames de l&#8217;air<\/a><\/li>\n<\/ul>\n<\/li>\n<\/ul>\n<ul>\n<li style=\"text-align: justify;\">conseiller et former les nouveaux membres d\u00e9sireux d&#8217;<a title=\"Les titres\" href=\"http:\/\/aeroclubduvalois.fr\/?page_id=69\">apprendre \u00e0 piloter<\/a> :\n<ul>\n<li>par la formation au PPL th\u00e9orique en e-learning,<\/li>\n<li>gr\u00e2ce \u00e0 l&#8217;organisation d&#8217;ateliers p\u00e9dagogiques dispens\u00e9s \u00e0 l&#8217;a\u00e9roclub par nos membres,<\/li>\n<li>et par l&#8217;encadrement de le\u00e7ons de pilotage par nos instructeurs, \u00e0 bord des avions \u00e9cole du club.<\/li>\n<\/ul>\n<\/li>\n<\/ul>\n<ul>\n<li style=\"text-align: justify;\">proposer aux pilotes d\u00e9j\u00e0 brevet\u00e9s un \u00e9ventail d&#8217;<a title=\"La flotte de l\u2019A\u00e9ro-club\" href=\"http:\/\/aeroclubduvalois.fr\/?page_id=25\">appareils<\/a> r\u00e9pondant \u00e0 leurs besoins :\n<ul>\n<li>de perfectionnement,<\/li>\n<li style=\"text-align: justify;\">de voyage.<\/li>\n<\/ul>\n<\/li>\n<\/ul>\n<ul>\n<li>proposer aux pilotes d\u00e9j\u00e0 brevet\u00e9s des activit\u00e9s pour dynamiser la vie de l&#8217;a\u00e9roclub:\n<ul>\n<li>\u00a0<a href=\"http:\/\/aeroclubduvalois.fr\/?p=4315\">Wingly<\/a> ,la plateforme permettant de partager le co\u00fbt du vol avec des passagers, partenaire de FFA.<\/li>\n<li><a href=\"http:\/\/aeroclubduvalois.fr\/?p=4346\">Les d\u00e9fis de l&#8217;a\u00e9roclub<\/a>, un jeu concours, gratuit pour les membres, permettant de gagner des lots tels que des heures de vol gratuites, des casques pilote, des d\u00eeners au restaurant, des entr\u00e9es en meeting a\u00e9rien, etc&#8230;<\/li>\n<li>Des sorties a\u00e9roclub entre membres<\/li>\n<\/ul>\n<\/li>\n<\/ul>\n<ul>\n<li>proposer aux pilotes des heures de vol subventionn\u00e9es gr\u00e2ce aux conventions sign\u00e9es avec:\n<ul>\n<li>CSE Lignes Air France<\/li>\n<li>DGAC<\/li>\n<\/ul>\n<\/li>\n<\/ul>\n<h2>Vid\u00e9o de pr\u00e9sentation<\/h2>\n\n\n<figure class=\"wp-block-embed is-type-video is-provider-youtube wp-block-embed-youtube wp-embed-aspect-16-9 wp-has-aspect-ratio\"><div class=\"wp-block-embed__wrapper\">\n<iframe loading=\"lazy\" title=\"Venez voler \u00e0 l&#039;A\u00e9roclub de Creil!\" width=\"950\" height=\"534\" src=\"https:\/\/www.youtube.com\/embed\/36oiVw9fKtQ?feature=oembed\" frameborder=\"0\" allow=\"accelerometer; autoplay; clipboard-write; encrypted-media; gyroscope; picture-in-picture; web-share\" allowfullscreen><\/iframe>\n<\/div><\/figure>\n","protected":false},"excerpt":{"rendered":"<p>Tout ce que vous avez toujours voulu savoir sur l&#8217;A\u00e9roclub (sans jamais oser le demander) : Foire aux questions L&#8217;a\u00e9roclub du Valois Cr\u00e9\u00e9 en 1946, l&#8217;a\u00e9roclub du Valois est une &hellip; <\/p>\n<p class=\"link-more\"><a href=\"https:\/\/aeroclubduvalois.fr\/index.php\/about\/\" class=\"more-link\">Lire la suite de<span class=\"screen-reader-text\">\u00ab\u00a0L&#8217;a\u00e9roclub du Valois (Anciennement Creil-Senlis-Chantilly)\u00a0\u00bb<\/span><\/a><\/p>\n","protected":false},"author":13,"featured_media":0,"parent":0,"menu_order":0,"comment_status":"closed","ping_status":"open","template":"","meta":{"inspiro_hide_title":false,"footnotes":""},"class_list":["post-4954","page","type-page","status-publish","hentry"],"_links":{"self":[{"href":"https:\/\/aeroclubduvalois.fr\/index.php\/wp-json\/wp\/v2\/pages\/4954","targetHints":{"allow":["GET"]}}],"collection":[{"href":"https:\/\/aeroclubduvalois.fr\/index.php\/wp-json\/wp\/v2\/pages"}],"about":[{"href":"https:\/\/aeroclubduvalois.fr\/index.php\/wp-json\/wp\/v2\/types\/page"}],"author":[{"embeddable":true,"href":"https:\/\/aeroclubduvalois.fr\/index.php\/wp-json\/wp\/v2\/users\/13"}],"replies":[{"embeddable":true,"href":"https:\/\/aeroclubduvalois.fr\/index.php\/wp-json\/wp\/v2\/comments?post=4954"}],"version-history":[{"count":5,"href":"https:\/\/aeroclubduvalois.fr\/index.php\/wp-json\/wp\/v2\/pages\/4954\/revisions"}],"predecessor-version":[{"id":5302,"href":"https:\/\/aeroclubduvalois.fr\/index.php\/wp-json\/wp\/v2\/pages\/4954\/revisions\/5302"}],"wp:attachment":[{"href":"https:\/\/aeroclubduvalois.fr\/index.php\/wp-json\/wp\/v2\/media?parent=4954"}],"curies":[{"name":"wp","href":"https:\/\/api.w.org\/{rel}","templated":true}]}}