{"id":471,"date":"2010-04-05T10:47:49","date_gmt":"2010-04-05T08:47:49","guid":{"rendered":"http:\/\/aeroclub-creil.org\/?page_id=471"},"modified":"2010-04-05T10:47:49","modified_gmt":"2010-04-05T08:47:49","slug":"nous-contacter","status":"publish","type":"page","link":"https:\/\/aeroclubduvalois.fr\/index.php\/about\/nous-contacter\/","title":{"rendered":"Nous contacter"},"content":{"rendered":"<h2>Contacts<\/h2>\n<h3>Adresse<\/h3>\n<p style=\"padding-left: 30px;\">A\u00e9ro-club de Creil<br \/>\nA\u00e9rodrome du Plessis-Belleville<br \/>\nRoute Nationale 330<br \/>\n60950 ERMENONVILLE<\/p>\n<hr size=\"1\" \/>\n<h3>T\u00e9l\u00e9phone<\/h3>\n<p style=\"padding-left: 30px;\">07.66.53.53.48<\/p>\n<hr \/>\n<h3>Courriel<\/h3>\n<p style=\"padding-left: 30px;\">aeroclubdecreil@gmail.com<\/p>\n<hr size=\"1\" \/>\n<h3>Formulaire<\/h3>\n\n<div class=\"wpcf7 no-js\" id=\"wpcf7-f1863-o1\" lang=\"\" dir=\"ltr\" data-wpcf7-id=\"1863\">\n<div class=\"screen-reader-response\"><p role=\"status\" aria-live=\"polite\" aria-atomic=\"true\"><\/p> <ul><\/ul><\/div>\n<form action=\"\/index.php\/wp-json\/wp\/v2\/pages\/471#wpcf7-f1863-o1\" method=\"post\" class=\"wpcf7-form init\" aria-label=\"Formulaire de contact\" novalidate=\"novalidate\" data-status=\"init\">\n<fieldset class=\"hidden-fields-container\"><input type=\"hidden\" name=\"_wpcf7\" value=\"1863\" \/><input type=\"hidden\" name=\"_wpcf7_version\" value=\"6.1.5\" \/><input type=\"hidden\" name=\"_wpcf7_locale\" value=\"\" \/><input type=\"hidden\" name=\"_wpcf7_unit_tag\" value=\"wpcf7-f1863-o1\" \/><input type=\"hidden\" name=\"_wpcf7_container_post\" value=\"0\" \/><input type=\"hidden\" name=\"_wpcf7_posted_data_hash\" value=\"\" \/><input type=\"hidden\" name=\"_wpcf7_recaptcha_response\" value=\"\" \/>\n<\/fieldset>\n<p><b>Votre nom<\/b> (obligatoire)\n<\/p>\n<p><span class=\"wpcf7-form-control-wrap\" data-name=\"your-name\"><input size=\"40\" maxlength=\"400\" class=\"wpcf7-form-control wpcf7-text wpcf7-validates-as-required\" aria-required=\"true\" aria-invalid=\"false\" placeholder=\"Votre nom\" value=\"\" type=\"text\" name=\"your-name\" \/><\/span>\n<\/p>\n<p><b>Votre email<\/b> (obligatoire)\n<\/p>\n<p><span class=\"wpcf7-form-control-wrap\" data-name=\"your-email\"><input size=\"40\" maxlength=\"400\" class=\"wpcf7-form-control wpcf7-email wpcf7-validates-as-required wpcf7-text wpcf7-validates-as-email\" aria-required=\"true\" aria-invalid=\"false\" placeholder=\"Votre e-mail\" value=\"\" type=\"email\" name=\"your-email\" \/><\/span>\n<\/p>\n<p><b>Sujet<\/b>\n<\/p>\n<p><span class=\"wpcf7-form-control-wrap\" data-name=\"your-subject\"><input size=\"40\" maxlength=\"400\" class=\"wpcf7-form-control wpcf7-text\" aria-invalid=\"false\" placeholder=\"Sujet de votre message\" value=\"\" type=\"text\" name=\"your-subject\" \/><\/span>\n<\/p>\n<p>Th\u00e8me : <span class=\"wpcf7-form-control-wrap\" data-name=\"checkbox-311\"><span class=\"wpcf7-form-control wpcf7-checkbox wpcf7-exclusive-checkbox\"><span class=\"wpcf7-list-item first\"><label><span class=\"wpcf7-list-item-label\">Contact<\/span><input type=\"checkbox\" name=\"checkbox-311\" value=\"Contact\" \/><\/label><\/span><span class=\"wpcf7-list-item\"><label><span class=\"wpcf7-list-item-label\">OpenFlyers<\/span><input type=\"checkbox\" name=\"checkbox-311\" value=\"OpenFlyers\" \/><\/label><\/span><span class=\"wpcf7-list-item\"><label><span class=\"wpcf7-list-item-label\">Site<\/span><input type=\"checkbox\" name=\"checkbox-311\" value=\"Site\" \/><\/label><\/span><span class=\"wpcf7-list-item last\"><label><span class=\"wpcf7-list-item-label\">Autre<\/span><input type=\"checkbox\" name=\"checkbox-311\" value=\"Autre\" \/><\/label><\/span><\/span><\/span>\n<\/p>\n<p><b>Votre message<\/b>\n<\/p>\n<p><span class=\"wpcf7-form-control-wrap\" data-name=\"textarea-184\"><textarea cols=\"40\" rows=\"10\" maxlength=\"2000\" class=\"wpcf7-form-control wpcf7-textarea\" aria-invalid=\"false\" placeholder=\"Votre message\" name=\"textarea-184\"><\/textarea><\/span>\n<\/p>\n<p>Question\/R\u00e9ponse : <span class=\"wpcf7-form-control-wrap\" data-name=\"quiz-335\"><label><span class=\"wpcf7-quiz-label\">W,X,Y ?<\/span> <input size=\"40\" class=\"wpcf7-form-control wpcf7-quiz\" autocomplete=\"off\" aria-required=\"true\" aria-invalid=\"false\" type=\"text\" name=\"quiz-335\" \/><\/label><input type=\"hidden\" name=\"_wpcf7_quiz_answer_quiz-335\" value=\"724d23d5a21300d48a2a3cfd5aab290b\" \/><\/span>\n<\/p>\n<p><input class=\"wpcf7-form-control wpcf7-submit has-spinner\" type=\"submit\" value=\"Envoyer\" \/>\n<\/p><p style=\"display: none !important;\" class=\"akismet-fields-container\" data-prefix=\"_wpcf7_ak_\"><label>&#916;<textarea name=\"_wpcf7_ak_hp_textarea\" cols=\"45\" rows=\"8\" maxlength=\"100\"><\/textarea><\/label><input type=\"hidden\" id=\"ak_js_1\" name=\"_wpcf7_ak_js\" value=\"145\"\/><script>document.getElementById( \"ak_js_1\" ).setAttribute( \"value\", ( new Date() ).getTime() );<\/script><\/p><div class=\"wpcf7-response-output\" aria-hidden=\"true\"><\/div>\n<\/form>\n<\/div>\n\n","protected":false},"excerpt":{"rendered":"<p>Contacts Adresse A\u00e9ro-club de Creil A\u00e9rodrome du Plessis-Belleville Route Nationale 330 60950 ERMENONVILLE T\u00e9l\u00e9phone 07.66.53.53.48 Courriel aeroclubdecreil@gmail.com Formulaire<\/p>\n","protected":false},"author":6,"featured_media":0,"parent":4954,"menu_order":11,"comment_status":"closed","ping_status":"closed","template":"","meta":{"inspiro_hide_title":false,"footnotes":""},"class_list":["post-471","page","type-page","status-publish","hentry"],"_links":{"self":[{"href":"https:\/\/aeroclubduvalois.fr\/index.php\/wp-json\/wp\/v2\/pages\/471","targetHints":{"allow":["GET"]}}],"collection":[{"href":"https:\/\/aeroclubduvalois.fr\/index.php\/wp-json\/wp\/v2\/pages"}],"about":[{"href":"https:\/\/aeroclubduvalois.fr\/index.php\/wp-json\/wp\/v2\/types\/page"}],"author":[{"embeddable":true,"href":"https:\/\/aeroclubduvalois.fr\/index.php\/wp-json\/wp\/v2\/users\/6"}],"replies":[{"embeddable":true,"href":"https:\/\/aeroclubduvalois.fr\/index.php\/wp-json\/wp\/v2\/comments?post=471"}],"version-history":[{"count":0,"href":"https:\/\/aeroclubduvalois.fr\/index.php\/wp-json\/wp\/v2\/pages\/471\/revisions"}],"up":[{"embeddable":true,"href":"https:\/\/aeroclubduvalois.fr\/index.php\/wp-json\/wp\/v2\/pages\/4954"}],"wp:attachment":[{"href":"https:\/\/aeroclubduvalois.fr\/index.php\/wp-json\/wp\/v2\/media?parent=471"}],"curies":[{"name":"wp","href":"https:\/\/api.w.org\/{rel}","templated":true}]}}