{"id":468,"date":"2010-04-05T10:41:53","date_gmt":"2010-04-05T08:41:53","guid":{"rendered":"http:\/\/aeroclub-creil.org\/?page_id=468"},"modified":"2025-09-30T20:42:14","modified_gmt":"2025-09-30T18:42:14","slug":"nous-trouver","status":"publish","type":"page","link":"https:\/\/aeroclubduvalois.fr\/index.php\/about\/nous-trouver\/","title":{"rendered":"Nous trouver \/ contacter"},"content":{"rendered":"\n<p>L\u2019adresse de l\u2019a\u00e9roclub est :<br><strong><em>A\u00e9roclub du Valois<\/em><br><em>A\u00e9rodrome du Plessis-Belleville<\/em><br><em>N330, 60950 Ermenonville.<\/em><\/strong><\/p>\n\n\n\n<p>N&#8217;h\u00e9siter pas \u00e0 nous contacter pour toute demande<\/p>\n\n\n\n<ul class=\"wp-block-list\">\n<li><a href=\"https:\/\/www.google.fr\/search?q=aeroclub-creil+avis&amp;sca_esv=598432625&amp;sxsrf=ACQVn0-MiEzQbH0kiboQdIFjd0o70MH8CQ%3A1705264698381&amp;source=hp&amp;ei=OkakZf2VFPfgkdUP3JujiAM&amp;iflsig=ANes7DEAAAAAZaRUSrb4J198ABzCfGU0BVeQmCzFDLIy&amp;oq=aer&amp;gs_lp=Egdnd3Mtd2l6IgNhZXIqAggAMgQQIxgnMgQQIxgnMgQQIxgnMhMQLhiABBiKBRjHARivARiOBRgnMhEQLhiABBixAxiDARjHARivATIOEC4YgAQYxwEYrwEYjgUyCxAuGIAEGMcBGK8BMhEQLhiDARivARjHARixAxiABDIUEC4YgAQYsQMYgwEYxwEYrwEYjgUyFBAuGIAEGLEDGIMBGMcBGK8BGI4FSK0LUABYxQJwAHgAkAEAmAFloAH4AaoBAzIuMbgBA8gBAPgBAcICChAjGIAEGIoFGCfCAhEQLhiDARjHARixAxjRAxiABMICERAuGIAEGLEDGIMBGMcBGNEDwgIOEC4YgAQYsQMYxwEY0QPCAggQABiABBixA8ICCxAAGIAEGLEDGIMBwgIOEC4YxwEYsQMY0QMYgAQ&amp;sclient=gws-wiz#\">07 66 53 53 48<\/a><\/li>\n\n\n\n<li><a href=\"mailto:aeroclubduvalois@gmail.com\" target=\"_blank\" rel=\"noreferrer noopener\">aeroclubduvalois@gmail.com<\/a><\/li>\n<\/ul>\n\n\n\n<figure class=\"wp-block-image size-full\"><img loading=\"lazy\" decoding=\"async\" width=\"954\" height=\"687\" src=\"https:\/\/aeroclubduvalois.fr\/wp-content\/uploads\/2024\/03\/map-valois.jpg\" alt=\"\" class=\"wp-image-5192\" srcset=\"https:\/\/aeroclubduvalois.fr\/wp-content\/uploads\/2024\/03\/map-valois.jpg 954w, https:\/\/aeroclubduvalois.fr\/wp-content\/uploads\/2024\/03\/map-valois-300x216.jpg 300w\" sizes=\"auto, (max-width: 954px) 100vw, 954px\" \/><\/figure>\n\n\n\n<p>En arrivant de Senlis, l\u2019a\u00e9rodrome est situ\u00e9 entre la Mer de Sable (Ermenonville) et le village du Plessis Belleville.<\/p>\n\n\n\n<figure class=\"wp-block-image size-large\"><img loading=\"lazy\" decoding=\"async\" width=\"1024\" height=\"665\" src=\"https:\/\/aeroclubduvalois.fr\/wp-content\/uploads\/2024\/03\/map-goog-1024x665.png\" alt=\"\" class=\"wp-image-5194\" srcset=\"https:\/\/aeroclubduvalois.fr\/wp-content\/uploads\/2024\/03\/map-goog-1024x665.png 1024w, https:\/\/aeroclubduvalois.fr\/wp-content\/uploads\/2024\/03\/map-goog-300x195.png 300w, https:\/\/aeroclubduvalois.fr\/wp-content\/uploads\/2024\/03\/map-goog.png 1267w\" sizes=\"auto, (max-width: 1024px) 100vw, 1024px\" \/><\/figure>\n\n\n\n<div class=\"wp-block-contact-form-7-contact-form-selector\">\n<div class=\"wpcf7 no-js\" id=\"wpcf7-f5199-o1\" lang=\"fr-FR\" dir=\"ltr\" data-wpcf7-id=\"5199\">\n<div class=\"screen-reader-response\"><p role=\"status\" aria-live=\"polite\" aria-atomic=\"true\"><\/p> <ul><\/ul><\/div>\n<form action=\"\/index.php\/wp-json\/wp\/v2\/pages\/468#wpcf7-f5199-o1\" method=\"post\" class=\"wpcf7-form init\" aria-label=\"Formulaire de contact\" novalidate=\"novalidate\" data-status=\"init\">\n<fieldset class=\"hidden-fields-container\"><input type=\"hidden\" name=\"_wpcf7\" value=\"5199\" \/><input type=\"hidden\" name=\"_wpcf7_version\" value=\"6.1.5\" \/><input type=\"hidden\" name=\"_wpcf7_locale\" value=\"fr_FR\" \/><input type=\"hidden\" name=\"_wpcf7_unit_tag\" value=\"wpcf7-f5199-o1\" \/><input type=\"hidden\" name=\"_wpcf7_container_post\" value=\"0\" \/><input type=\"hidden\" name=\"_wpcf7_posted_data_hash\" value=\"\" \/><input type=\"hidden\" name=\"_wpcf7_recaptcha_response\" value=\"\" \/>\n<\/fieldset>\n<p><label> Votre nom<br \/>\n<span class=\"wpcf7-form-control-wrap\" data-name=\"your-name\"><input size=\"40\" maxlength=\"400\" class=\"wpcf7-form-control wpcf7-text wpcf7-validates-as-required\" autocomplete=\"name\" aria-required=\"true\" aria-invalid=\"false\" value=\"\" type=\"text\" name=\"your-name\" \/><\/span> <\/label>\n<\/p>\n<p><label> Votre e-mail<br \/>\n<span class=\"wpcf7-form-control-wrap\" data-name=\"your-email\"><input size=\"40\" maxlength=\"400\" class=\"wpcf7-form-control wpcf7-email wpcf7-validates-as-required wpcf7-text wpcf7-validates-as-email\" autocomplete=\"email\" aria-required=\"true\" aria-invalid=\"false\" value=\"\" type=\"email\" name=\"your-email\" \/><\/span> <\/label>\n<\/p>\n<p><label> Objet<br \/>\n<span class=\"wpcf7-form-control-wrap\" data-name=\"your-subject\"><input size=\"40\" maxlength=\"400\" class=\"wpcf7-form-control wpcf7-text wpcf7-validates-as-required\" aria-required=\"true\" aria-invalid=\"false\" value=\"\" type=\"text\" name=\"your-subject\" \/><\/span> <\/label>\n<\/p>\n<p><label> Votre message (facultatif)<br \/>\n<span class=\"wpcf7-form-control-wrap\" data-name=\"your-message\"><textarea cols=\"40\" rows=\"10\" maxlength=\"2000\" class=\"wpcf7-form-control wpcf7-textarea\" aria-invalid=\"false\" name=\"your-message\"><\/textarea><\/span> <\/label>\n<\/p>\n<p><input class=\"wpcf7-form-control wpcf7-submit has-spinner\" type=\"submit\" value=\"Envoyer\" \/>\n<\/p><p style=\"display: none !important;\" class=\"akismet-fields-container\" data-prefix=\"_wpcf7_ak_\"><label>&#916;<textarea name=\"_wpcf7_ak_hp_textarea\" cols=\"45\" rows=\"8\" maxlength=\"100\"><\/textarea><\/label><input type=\"hidden\" id=\"ak_js_1\" name=\"_wpcf7_ak_js\" value=\"195\"\/><script>\ndocument.getElementById( \"ak_js_1\" ).setAttribute( \"value\", ( new Date() ).getTime() );\n<\/script>\n<\/p><div class=\"wpcf7-response-output\" aria-hidden=\"true\"><\/div>\n<\/form>\n<\/div>\n<\/div>\n","protected":false},"excerpt":{"rendered":"<p>L\u2019adresse de l\u2019a\u00e9roclub est :A\u00e9roclub du ValoisA\u00e9rodrome du Plessis-BellevilleN330, 60950 Ermenonville. N&#8217;h\u00e9siter pas \u00e0 nous contacter pour toute demande En arrivant de Senlis, l\u2019a\u00e9rodrome est situ\u00e9 entre la Mer de &hellip; <\/p>\n<p class=\"link-more\"><a href=\"https:\/\/aeroclubduvalois.fr\/index.php\/about\/nous-trouver\/\" class=\"more-link\">Lire la suite de<span class=\"screen-reader-text\">\u00ab\u00a0Nous trouver \/ contacter\u00a0\u00bb<\/span><\/a><\/p>\n","protected":false},"author":1,"featured_media":0,"parent":4954,"menu_order":12,"comment_status":"closed","ping_status":"closed","template":"","meta":{"inspiro_hide_title":false,"footnotes":""},"class_list":["post-468","page","type-page","status-publish","hentry"],"_links":{"self":[{"href":"https:\/\/aeroclubduvalois.fr\/index.php\/wp-json\/wp\/v2\/pages\/468","targetHints":{"allow":["GET"]}}],"collection":[{"href":"https:\/\/aeroclubduvalois.fr\/index.php\/wp-json\/wp\/v2\/pages"}],"about":[{"href":"https:\/\/aeroclubduvalois.fr\/index.php\/wp-json\/wp\/v2\/types\/page"}],"author":[{"embeddable":true,"href":"https:\/\/aeroclubduvalois.fr\/index.php\/wp-json\/wp\/v2\/users\/1"}],"replies":[{"embeddable":true,"href":"https:\/\/aeroclubduvalois.fr\/index.php\/wp-json\/wp\/v2\/comments?post=468"}],"version-history":[{"count":11,"href":"https:\/\/aeroclubduvalois.fr\/index.php\/wp-json\/wp\/v2\/pages\/468\/revisions"}],"predecessor-version":[{"id":6122,"href":"https:\/\/aeroclubduvalois.fr\/index.php\/wp-json\/wp\/v2\/pages\/468\/revisions\/6122"}],"up":[{"embeddable":true,"href":"https:\/\/aeroclubduvalois.fr\/index.php\/wp-json\/wp\/v2\/pages\/4954"}],"wp:attachment":[{"href":"https:\/\/aeroclubduvalois.fr\/index.php\/wp-json\/wp\/v2\/media?parent=468"}],"curies":[{"name":"wp","href":"https:\/\/api.w.org\/{rel}","templated":true}]}}