{"id":4448,"date":"2022-12-13T21:14:38","date_gmt":"2022-12-13T20:14:38","guid":{"rendered":"http:\/\/aeroclub-creil.org\/?page_id=4448"},"modified":"2024-12-04T14:12:01","modified_gmt":"2024-12-04T13:12:01","slug":"inscription-2023","status":"publish","type":"page","link":"https:\/\/aeroclubduvalois.fr\/index.php\/inscription-2023\/","title":{"rendered":"Inscription 2025-2026"},"content":{"rendered":"\n<p>Voici les tarifs pour s&#8217;inscrire. Besoin de <a href=\"https:\/\/aeroclubduvalois.fr\/index.php\/about\/nous-trouver\/\" data-type=\"page\" data-id=\"468\">nous contacter ?<\/a><\/p>\n\n\n\n<table id=\"tablepress-3\" class=\"tablepress tablepress-id-3\">\n<thead>\n<tr class=\"row-1\">\n\t<td class=\"column-1\"><\/td><th class=\"column-2\">&#8211; de 21 ans<\/th><th class=\"column-3\">+ de 21 ans<\/th>\n<\/tr>\n<\/thead>\n<tbody class=\"row-striping row-hover\">\n<tr class=\"row-2\">\n\t<td class=\"column-1\">Droit d&#8217;entr\u00e9e *<\/td><td class=\"column-2\">20 \u20ac<\/td><td class=\"column-3\">20 \u20ac<\/td>\n<\/tr>\n<tr class=\"row-3\">\n\t<td class=\"column-1\">Assurance casse<\/td><td class=\"column-2\">70 \u20ac<\/td><td class=\"column-3\">70 \u20ac<\/td>\n<\/tr>\n<tr class=\"row-4\">\n\t<td class=\"column-1\">Cotisation club **<\/td><td class=\"column-2\">96 \u20ac<\/td><td class=\"column-3\">160 \u20ac<\/td>\n<\/tr>\n<tr class=\"row-5\">\n\t<td class=\"column-1\">Cotisation FFA (sans Info Pilote)<\/td><td class=\"column-2\">96 \u20ac<\/td><td class=\"column-3\">96 \u20ac<\/td>\n<\/tr>\n<tr class=\"row-6\">\n\t<td class=\"column-1\">Cotisation FFA (avec Info Pilote)<\/td><td class=\"column-2\">145 \u20ac<\/td><td class=\"column-3\">145 \u20ac<\/td>\n<\/tr>\n<tr class=\"row-7\">\n\t<td class=\"column-1\">Forfait Cours Th\u00e9orique<\/td><td class=\"column-2\">200 \u20ac<\/td><td class=\"column-3\">200 \u20ac<\/td>\n<\/tr>\n<\/tbody>\n<\/table>\n<!-- #tablepress-3 from cache -->\n\n\n<p>*  Demand\u00e9 \u00e0 la premi\u00e8re inscription<br>** Si inscription apr\u00e8s le 1er Juillet (-50 %) Si inscription apr\u00e8s le 1er Octobre (100% mais adh\u00e9sion valable jusqu&#8217;\u00e0 la fin de l&#8217;ann\u00e9e d&#8217;apr\u00e8s)<\/p>\n\n\n\n<p><\/p>\n","protected":false},"excerpt":{"rendered":"<p>Voici les tarifs pour s&#8217;inscrire. Besoin de nous contacter ? * Demand\u00e9 \u00e0 la premi\u00e8re inscription** Si inscription apr\u00e8s le 1er Juillet (-50 %) Si inscription apr\u00e8s le 1er Octobre &hellip; <\/p>\n<p class=\"link-more\"><a href=\"https:\/\/aeroclubduvalois.fr\/index.php\/inscription-2023\/\" class=\"more-link\">Lire la suite de<span class=\"screen-reader-text\">\u00ab\u00a0Inscription 2025-2026\u00a0\u00bb<\/span><\/a><\/p>\n","protected":false},"author":1,"featured_media":4570,"parent":0,"menu_order":0,"comment_status":"closed","ping_status":"closed","template":"","meta":{"inspiro_hide_title":false,"footnotes":""},"class_list":["post-4448","page","type-page","status-publish","has-post-thumbnail","hentry"],"_links":{"self":[{"href":"https:\/\/aeroclubduvalois.fr\/index.php\/wp-json\/wp\/v2\/pages\/4448","targetHints":{"allow":["GET"]}}],"collection":[{"href":"https:\/\/aeroclubduvalois.fr\/index.php\/wp-json\/wp\/v2\/pages"}],"about":[{"href":"https:\/\/aeroclubduvalois.fr\/index.php\/wp-json\/wp\/v2\/types\/page"}],"author":[{"embeddable":true,"href":"https:\/\/aeroclubduvalois.fr\/index.php\/wp-json\/wp\/v2\/users\/1"}],"replies":[{"embeddable":true,"href":"https:\/\/aeroclubduvalois.fr\/index.php\/wp-json\/wp\/v2\/comments?post=4448"}],"version-history":[{"count":8,"href":"https:\/\/aeroclubduvalois.fr\/index.php\/wp-json\/wp\/v2\/pages\/4448\/revisions"}],"predecessor-version":[{"id":5713,"href":"https:\/\/aeroclubduvalois.fr\/index.php\/wp-json\/wp\/v2\/pages\/4448\/revisions\/5713"}],"wp:featuredmedia":[{"embeddable":true,"href":"https:\/\/aeroclubduvalois.fr\/index.php\/wp-json\/wp\/v2\/media\/4570"}],"wp:attachment":[{"href":"https:\/\/aeroclubduvalois.fr\/index.php\/wp-json\/wp\/v2\/media?parent=4448"}],"curies":[{"name":"wp","href":"https:\/\/api.w.org\/{rel}","templated":true}]}}