{"id":42,"date":"2019-05-10T00:00:31","date_gmt":"2019-05-09T22:00:31","guid":{"rendered":"http:\/\/aeroclub-creil.org\/?page_id=42"},"modified":"2024-11-10T19:30:06","modified_gmt":"2024-11-10T18:30:06","slug":"42-2","status":"publish","type":"page","link":"https:\/\/aeroclubduvalois.fr\/index.php\/tarifs-2010\/42-2\/","title":{"rendered":"Nos Tarifs"},"content":{"rendered":"<h2>Tarifs de l&#8217;heure de vol<\/h2>\n<p>Pour un vol en double commande avec instructeur, ajouter 20 \u20ac de l&#8217;heure. Les vols sont factur\u00e9s par tranches de 5 minutes.<\/p>\n\n<table id=\"tablepress-1\" class=\"tablepress tablepress-id-1\">\n<thead>\n<tr class=\"row-1\">\n\t<th class=\"column-1\">Cat\u00e9gorie<\/th><th class=\"column-2\">Appareil<\/th><th class=\"column-3\">Immatriculation<\/th><th class=\"column-4\">Solo (\/h)<\/th><th class=\"column-5\">Avec Instructeur (\/h)<\/th>\n<\/tr>\n<\/thead>\n<tbody class=\"row-striping row-hover\">\n<tr class=\"row-2\">\n\t<td class=\"column-1\">Ecole<\/td><td class=\"column-2\">Robin DR 400-120 <\/td><td class=\"column-3\"><a href=\"http:\/\/aeroclubduvalois.fr\/?page_id=692\">F-GOVB<\/a><\/td><td class=\"column-4\">135 \u20ac<\/td><td class=\"column-5\">155 \u20ac<\/td>\n<\/tr>\n<tr class=\"row-3\">\n\t<td class=\"column-1\">Perfectionnement, Voyage<\/td><td class=\"column-2\">Robin DR 400-140B <\/td><td class=\"column-3\"><a href=\"http:\/\/aeroclubduvalois.fr\/?page_id=2022\">F-GYLC<\/a><\/td><td class=\"column-4\">155 \u20ac<\/td><td class=\"column-5\">175 \u20ac<\/td>\n<\/tr>\n<tr class=\"row-4\">\n\t<td class=\"column-1\">Voyage<\/td><td class=\"column-2\">Robin DR 400-180 <\/td><td class=\"column-3\"><a href=\"http:\/\/aeroclubduvalois.fr\/?page_id=176\">F-GTZZ<\/a><\/td><td class=\"column-4\">180 \u20ac<\/td><td class=\"column-5\">200 \u20ac<\/td>\n<\/tr>\n<\/tbody>\n<\/table>\n<!-- #tablepress-1 from cache -->\n<p>NB : maj en Novembre 2024.<\/p>\n<h2>Tarifs de l&#8217;inscription<\/h2>\n<p>\u00a0<\/p>\n\n\n<\/p>\n<p>Voici les tarifs pour s&#8217;inscrire. Besoin de <a href=\"https:\/\/aeroclubduvalois.fr\/index.php\/about\/nous-trouver\/\" data-type=\"page\" data-id=\"468\">nous contacter ?<\/a><\/p>\n<p>\n\n\n\n<table id=\"tablepress-3\" class=\"tablepress tablepress-id-3\">\n<thead>\n<tr class=\"row-1\">\n\t<td class=\"column-1\"><\/td><th class=\"column-2\">&#8211; de 21 ans<\/th><th class=\"column-3\">+ de 21 ans<\/th>\n<\/tr>\n<\/thead>\n<tbody class=\"row-striping row-hover\">\n<tr class=\"row-2\">\n\t<td class=\"column-1\">Droit d&#8217;entr\u00e9e *<\/td><td class=\"column-2\">20 \u20ac<\/td><td class=\"column-3\">20 \u20ac<\/td>\n<\/tr>\n<tr class=\"row-3\">\n\t<td class=\"column-1\">Assurance casse<\/td><td class=\"column-2\">70 \u20ac<\/td><td class=\"column-3\">70 \u20ac<\/td>\n<\/tr>\n<tr class=\"row-4\">\n\t<td class=\"column-1\">Cotisation club **<\/td><td class=\"column-2\">96 \u20ac<\/td><td class=\"column-3\">160 \u20ac<\/td>\n<\/tr>\n<tr class=\"row-5\">\n\t<td class=\"column-1\">Cotisation FFA (sans Info Pilote)<\/td><td class=\"column-2\">96 \u20ac<\/td><td class=\"column-3\">96 \u20ac<\/td>\n<\/tr>\n<tr class=\"row-6\">\n\t<td class=\"column-1\">Cotisation FFA (avec Info Pilote)<\/td><td class=\"column-2\">145 \u20ac<\/td><td class=\"column-3\">145 \u20ac<\/td>\n<\/tr>\n<tr class=\"row-7\">\n\t<td class=\"column-1\">Forfait Cours Th\u00e9orique<\/td><td class=\"column-2\">200 \u20ac<\/td><td class=\"column-3\">200 \u20ac<\/td>\n<\/tr>\n<\/tbody>\n<\/table>\n<!-- #tablepress-3 from cache -->\n\n\n<\/p>\n<p>* Demand\u00e9 \u00e0 la premi\u00e8re inscription<\/p>\n<p>\n\n\n\n<\/p>\n<p>** Si inscription apr\u00e8s le 1er Juillet (-50 %) Si inscription apr\u00e8s le 1er Octobre (100% mais adh\u00e9sion valable jusqu&#8217;\u00e0 la fin de l&#8217;ann\u00e9e d&#8217;apr\u00e8s)<\/p>\n<p>\n\n\n<\/p>\n\n\n<figure class=\"wp-block-embed alignwide is-type-video is-provider-youtube wp-block-embed-youtube wp-embed-aspect-16-9 wp-has-aspect-ratio\"><div class=\"wp-block-embed__wrapper\">\n<iframe loading=\"lazy\" title=\"Flotte A\u00e9roclub\" width=\"950\" height=\"534\" src=\"https:\/\/www.youtube.com\/embed\/R13HYLVGzKs?feature=oembed\" frameborder=\"0\" allow=\"accelerometer; autoplay; clipboard-write; encrypted-media; gyroscope; picture-in-picture; web-share\" referrerpolicy=\"strict-origin-when-cross-origin\" allowfullscreen><\/iframe>\n<\/div><\/figure>\n\n\n\n<p><\/p>\n","protected":false},"excerpt":{"rendered":"<p>Tarifs de l&#8217;heure de vol Pour un vol en double commande avec instructeur, ajouter 20 \u20ac de l&#8217;heure. Les vols sont factur\u00e9s par tranches de 5 minutes. NB : maj &hellip; <\/p>\n<p class=\"link-more\"><a href=\"https:\/\/aeroclubduvalois.fr\/index.php\/tarifs-2010\/42-2\/\" class=\"more-link\">Lire la suite de<span class=\"screen-reader-text\">\u00ab\u00a0Nos Tarifs\u00a0\u00bb<\/span><\/a><\/p>\n","protected":false},"author":6,"featured_media":5356,"parent":47,"menu_order":0,"comment_status":"closed","ping_status":"closed","template":"","meta":{"inspiro_hide_title":false,"footnotes":""},"class_list":["post-42","page","type-page","status-publish","has-post-thumbnail","hentry"],"_links":{"self":[{"href":"https:\/\/aeroclubduvalois.fr\/index.php\/wp-json\/wp\/v2\/pages\/42","targetHints":{"allow":["GET"]}}],"collection":[{"href":"https:\/\/aeroclubduvalois.fr\/index.php\/wp-json\/wp\/v2\/pages"}],"about":[{"href":"https:\/\/aeroclubduvalois.fr\/index.php\/wp-json\/wp\/v2\/types\/page"}],"author":[{"embeddable":true,"href":"https:\/\/aeroclubduvalois.fr\/index.php\/wp-json\/wp\/v2\/users\/6"}],"replies":[{"embeddable":true,"href":"https:\/\/aeroclubduvalois.fr\/index.php\/wp-json\/wp\/v2\/comments?post=42"}],"version-history":[{"count":7,"href":"https:\/\/aeroclubduvalois.fr\/index.php\/wp-json\/wp\/v2\/pages\/42\/revisions"}],"predecessor-version":[{"id":5673,"href":"https:\/\/aeroclubduvalois.fr\/index.php\/wp-json\/wp\/v2\/pages\/42\/revisions\/5673"}],"up":[{"embeddable":true,"href":"https:\/\/aeroclubduvalois.fr\/index.php\/wp-json\/wp\/v2\/pages\/47"}],"wp:featuredmedia":[{"embeddable":true,"href":"https:\/\/aeroclubduvalois.fr\/index.php\/wp-json\/wp\/v2\/media\/5356"}],"wp:attachment":[{"href":"https:\/\/aeroclubduvalois.fr\/index.php\/wp-json\/wp\/v2\/media?parent=42"}],"curies":[{"name":"wp","href":"https:\/\/api.w.org\/{rel}","templated":true}]}}