{"id":40,"date":"2019-07-01T00:00:40","date_gmt":"2019-06-30T22:00:40","guid":{"rendered":"http:\/\/aeroclub-creil.org\/?page_id=40"},"modified":"2019-07-01T00:00:40","modified_gmt":"2019-06-30T22:00:40","slug":"inscription","status":"publish","type":"page","link":"https:\/\/aeroclubduvalois.fr\/index.php\/tarifs-2010\/inscription\/","title":{"rendered":"Inscription 2023"},"content":{"rendered":"<h6>Tarifs au 1er janvier 2023<\/h6>\n<ul>\n<li>Droit d&#8217;entr\u00e9e : 20 \u20ac\n<ul>\n<li><small>Demand\u00e9 \u00e0 la premi\u00e8re inscription<\/small><\/li>\n<\/ul>\n<\/li>\n<li>Cotisation club <small>(annuelle)<\/small>\n<ul>\n<li>moins de 21 ans : 96 \u20ac<\/li>\n<li>plus de 21 ans : 160 \u20ac<\/li>\n<li><small>Les personnes s&#8217;inscrivant pour la premi\u00e8re fois \u00e0 l&#8217;a\u00e9ro-club \u00e0 partir du mois de juillet b\u00e9n\u00e9ficient d&#8217;une r\u00e9duction de 50% sur le montant de leur premi\u00e8re cotisation annuelle.<\/small><\/li>\n<\/ul>\n<\/li>\n<li>Assurance casse <small>(annuelle)<\/small> : 50 \u20ac<\/li>\n<li>Cotisation f\u00e9d\u00e9rale FFA et assurance de base <small>(annuelle)<\/small>\n<ul>\n<li>sans l&#8217;abonnement \u00e0 Info-Pilote : 81 \u20ac<\/li>\n<li>avec l&#8217;abonnement \u00e0 Info-Pilote : 127 \u20ac<\/li>\n<\/ul>\n<\/li>\n<li>Forfait &#8216;Cours th\u00e9oriques&#8217; : 200 \u20ac\n<ul>\n<li><small>Pour les \u00e9l\u00e8ves, \u00e0 la premi\u00e8re inscription.<\/small><\/li>\n<\/ul>\n<\/li>\n<\/ul>\n","protected":false},"excerpt":{"rendered":"<p>Tarifs au 1er janvier 2023 Droit d&#8217;entr\u00e9e : 20 \u20ac Demand\u00e9 \u00e0 la premi\u00e8re inscription Cotisation club (annuelle) moins de 21 ans : 96 \u20ac plus de 21 ans : &hellip; <\/p>\n<p class=\"link-more\"><a href=\"https:\/\/aeroclubduvalois.fr\/index.php\/tarifs-2010\/inscription\/\" class=\"more-link\">Lire la suite de<span class=\"screen-reader-text\">\u00ab\u00a0Inscription 2023\u00a0\u00bb<\/span><\/a><\/p>\n","protected":false},"author":6,"featured_media":0,"parent":47,"menu_order":0,"comment_status":"closed","ping_status":"closed","template":"","meta":{"inspiro_hide_title":false,"footnotes":""},"class_list":["post-40","page","type-page","status-publish","hentry"],"_links":{"self":[{"href":"https:\/\/aeroclubduvalois.fr\/index.php\/wp-json\/wp\/v2\/pages\/40","targetHints":{"allow":["GET"]}}],"collection":[{"href":"https:\/\/aeroclubduvalois.fr\/index.php\/wp-json\/wp\/v2\/pages"}],"about":[{"href":"https:\/\/aeroclubduvalois.fr\/index.php\/wp-json\/wp\/v2\/types\/page"}],"author":[{"embeddable":true,"href":"https:\/\/aeroclubduvalois.fr\/index.php\/wp-json\/wp\/v2\/users\/6"}],"replies":[{"embeddable":true,"href":"https:\/\/aeroclubduvalois.fr\/index.php\/wp-json\/wp\/v2\/comments?post=40"}],"version-history":[{"count":0,"href":"https:\/\/aeroclubduvalois.fr\/index.php\/wp-json\/wp\/v2\/pages\/40\/revisions"}],"up":[{"embeddable":true,"href":"https:\/\/aeroclubduvalois.fr\/index.php\/wp-json\/wp\/v2\/pages\/47"}],"wp:attachment":[{"href":"https:\/\/aeroclubduvalois.fr\/index.php\/wp-json\/wp\/v2\/media?parent=40"}],"curies":[{"name":"wp","href":"https:\/\/api.w.org\/{rel}","templated":true}]}}