{"id":3889,"date":"2021-05-24T10:57:04","date_gmt":"2021-05-24T08:57:04","guid":{"rendered":"http:\/\/aeroclub-creil.org\/?page_id=3889"},"modified":"2021-05-24T10:57:04","modified_gmt":"2021-05-24T08:57:04","slug":"reglement-interieur-et-statuts-de-laeroclub","status":"publish","type":"page","link":"https:\/\/aeroclubduvalois.fr\/index.php\/reglement-interieur-et-statuts-de-laeroclub\/","title":{"rendered":"R\u00e8glement int\u00e9rieur et Statuts de l&#8217;a\u00e9roclub"},"content":{"rendered":"\n<p>Cliquer sur le titre du document pour l&#8217;ouvrir dans votre navigateur.<\/p>\n\n\n\n<div class=\"wp-block-file\"><a href=\"http:\/\/aeroclubduvalois.fr\/wp-content\/uploads\/2021\/05\/2021-05-18_Reglement-Interieur-AC-Creil_V3-Final.pdf\"><br><br><br>R\u00e8glement Int\u00e9rieur AC Creil _____________________________________________<\/a><a href=\"http:\/\/aeroclubduvalois.fr\/wp-content\/uploads\/2021\/05\/2021-05-18_Reglement-Interieur-AC-Creil_V3-Final.pdf\" class=\"wp-block-file__button\" download>T\u00e9l\u00e9charger<\/a><\/div>\n\n\n\n<div class=\"wp-block-file\"><a href=\"http:\/\/aeroclubduvalois.fr\/wp-content\/uploads\/2021\/07\/2021-07-25_AC-Creil_Statuts-Ae\u0301roclub-de-Creil-Senlis-Chantilly-du-03-07-2021_Doc-signe.pdf\">Statuts AC Creil ________________________________________________________<\/a><a href=\"http:\/\/aeroclubduvalois.fr\/wp-content\/uploads\/2021\/07\/2021-07-25_AC-Creil_Statuts-Ae\u0301roclub-de-Creil-Senlis-Chantilly-du-03-07-2021_Doc-signe.pdf\" class=\"wp-block-file__button\" download>T\u00e9l\u00e9charger<\/a><\/div>\n\n\n\n<div class=\"wp-block-image\"><figure class=\"aligncenter size-large\"><img loading=\"lazy\" decoding=\"async\" width=\"463\" height=\"340\" src=\"http:\/\/aeroclubduvalois.fr\/wp-content\/uploads\/2021\/05\/reglement.gif\" alt=\"\" class=\"wp-image-3891\"\/><\/figure><\/div>\n","protected":false},"excerpt":{"rendered":"<p>Cliquer sur le titre du document pour l&#8217;ouvrir dans votre navigateur.<\/p>\n","protected":false},"author":1,"featured_media":0,"parent":0,"menu_order":0,"comment_status":"closed","ping_status":"closed","template":"","meta":{"inspiro_hide_title":false,"footnotes":""},"class_list":["post-3889","page","type-page","status-publish","hentry"],"_links":{"self":[{"href":"https:\/\/aeroclubduvalois.fr\/index.php\/wp-json\/wp\/v2\/pages\/3889","targetHints":{"allow":["GET"]}}],"collection":[{"href":"https:\/\/aeroclubduvalois.fr\/index.php\/wp-json\/wp\/v2\/pages"}],"about":[{"href":"https:\/\/aeroclubduvalois.fr\/index.php\/wp-json\/wp\/v2\/types\/page"}],"author":[{"embeddable":true,"href":"https:\/\/aeroclubduvalois.fr\/index.php\/wp-json\/wp\/v2\/users\/1"}],"replies":[{"embeddable":true,"href":"https:\/\/aeroclubduvalois.fr\/index.php\/wp-json\/wp\/v2\/comments?post=3889"}],"version-history":[{"count":0,"href":"https:\/\/aeroclubduvalois.fr\/index.php\/wp-json\/wp\/v2\/pages\/3889\/revisions"}],"wp:attachment":[{"href":"https:\/\/aeroclubduvalois.fr\/index.php\/wp-json\/wp\/v2\/media?parent=3889"}],"curies":[{"name":"wp","href":"https:\/\/api.w.org\/{rel}","templated":true}]}}