{"id":3864,"date":"2021-05-10T23:20:52","date_gmt":"2021-05-10T21:20:52","guid":{"rendered":"http:\/\/aeroclub-creil.org\/?page_id=3864"},"modified":"2025-05-08T17:35:28","modified_gmt":"2025-05-08T15:35:28","slug":"faq","status":"publish","type":"page","link":"https:\/\/aeroclubduvalois.fr\/index.php\/about\/faq\/","title":{"rendered":"Foires Aux Questions"},"content":{"rendered":"\n<p>Vous trouverez ici les r\u00e9ponses aux questions les plus fr\u00e9quentes.<\/p>\n\n\n\n<p>Vous pouvez aussi t\u00e9l\u00e9charger la FAQ en format PDF en cliquant sur la bulle \u201ct\u00e9l\u00e9charger\u201d.<\/p>\n\n\n\n<div data-wp-interactive=\"core\/file\" class=\"wp-block-file\"><object data-wp-bind--hidden=\"!state.hasPdfPreview\" hidden class=\"wp-block-file__embed\" data=\"https:\/\/aeroclubduvalois.fr\/wp-content\/uploads\/2025\/05\/AC-Creil_Foire-aux-questions-public-exterieur_04-2025.pdf\" type=\"application\/pdf\" style=\"width:100%;height:1000px\" aria-label=\"Contenu embarqu\u00e9 AC-Creil_Foire-aux-questions-public-exterieur_04-2025.\"><\/object><a id=\"wp-block-file--media-671b6aa2-4f27-49df-8b36-9edb827ded58\" href=\"https:\/\/aeroclubduvalois.fr\/wp-content\/uploads\/2025\/05\/AC-Creil_Foire-aux-questions-public-exterieur_04-2025.pdf\">AC-Creil_Foire-aux-questions-public-exterieur_04-2025<\/a><a href=\"https:\/\/aeroclubduvalois.fr\/wp-content\/uploads\/2025\/05\/AC-Creil_Foire-aux-questions-public-exterieur_04-2025.pdf\" class=\"wp-block-file__button wp-element-button\" download aria-describedby=\"wp-block-file--media-671b6aa2-4f27-49df-8b36-9edb827ded58\">T\u00e9l\u00e9charger<\/a><\/div>\n\n\n\n<figure class=\"wp-block-image size-large is-resized\"><img loading=\"lazy\" decoding=\"async\" width=\"1024\" height=\"996\" src=\"http:\/\/aeroclubduvalois.fr\/wp-content\/uploads\/2021\/05\/IMG-20200713-WA00131-1024x996.jpg\" alt=\"\" class=\"wp-image-3867\" srcset=\"https:\/\/aeroclubduvalois.fr\/wp-content\/uploads\/2021\/05\/IMG-20200713-WA00131-1024x996.jpg 1024w, https:\/\/aeroclubduvalois.fr\/wp-content\/uploads\/2021\/05\/IMG-20200713-WA00131-300x292.jpg 300w, https:\/\/aeroclubduvalois.fr\/wp-content\/uploads\/2021\/05\/IMG-20200713-WA00131-768x747.jpg 768w, https:\/\/aeroclubduvalois.fr\/wp-content\/uploads\/2021\/05\/IMG-20200713-WA00131.jpg 1195w\" sizes=\"auto, (max-width: 1024px) 100vw, 1024px\" \/><figcaption class=\"wp-element-caption\">En croisi\u00e8re \u00e0 bord de Lima Charlie<\/figcaption><\/figure>\n","protected":false},"excerpt":{"rendered":"<p>Vous trouverez ici les r\u00e9ponses aux questions les plus fr\u00e9quentes. Vous pouvez aussi t\u00e9l\u00e9charger la FAQ en format PDF en cliquant sur la bulle \u201ct\u00e9l\u00e9charger\u201d.<\/p>\n","protected":false},"author":1,"featured_media":0,"parent":4954,"menu_order":0,"comment_status":"closed","ping_status":"closed","template":"","meta":{"inspiro_hide_title":false,"footnotes":""},"class_list":["post-3864","page","type-page","status-publish","hentry"],"_links":{"self":[{"href":"https:\/\/aeroclubduvalois.fr\/index.php\/wp-json\/wp\/v2\/pages\/3864","targetHints":{"allow":["GET"]}}],"collection":[{"href":"https:\/\/aeroclubduvalois.fr\/index.php\/wp-json\/wp\/v2\/pages"}],"about":[{"href":"https:\/\/aeroclubduvalois.fr\/index.php\/wp-json\/wp\/v2\/types\/page"}],"author":[{"embeddable":true,"href":"https:\/\/aeroclubduvalois.fr\/index.php\/wp-json\/wp\/v2\/users\/1"}],"replies":[{"embeddable":true,"href":"https:\/\/aeroclubduvalois.fr\/index.php\/wp-json\/wp\/v2\/comments?post=3864"}],"version-history":[{"count":7,"href":"https:\/\/aeroclubduvalois.fr\/index.php\/wp-json\/wp\/v2\/pages\/3864\/revisions"}],"predecessor-version":[{"id":5927,"href":"https:\/\/aeroclubduvalois.fr\/index.php\/wp-json\/wp\/v2\/pages\/3864\/revisions\/5927"}],"up":[{"embeddable":true,"href":"https:\/\/aeroclubduvalois.fr\/index.php\/wp-json\/wp\/v2\/pages\/4954"}],"wp:attachment":[{"href":"https:\/\/aeroclubduvalois.fr\/index.php\/wp-json\/wp\/v2\/media?parent=3864"}],"curies":[{"name":"wp","href":"https:\/\/api.w.org\/{rel}","templated":true}]}}