{"id":380,"date":"2010-01-31T14:50:41","date_gmt":"2010-01-31T13:50:41","guid":{"rendered":"http:\/\/aeroclub-creil.org\/?page_id=228"},"modified":"2024-12-04T17:54:33","modified_gmt":"2024-12-04T16:54:33","slug":"baptemes-de-lair-2","status":"publish","type":"page","link":"https:\/\/aeroclubduvalois.fr\/index.php\/about\/baptemes-de-lair-2\/","title":{"rendered":"Vol de d\u00e9couverte (Bapt\u00eame)"},"content":{"rendered":"\n<p>Cette balade a\u00e9rienne, au d\u00e9part et \u00e0 l&#8217;arriv\u00e9e de l&#8217;a\u00e9rodrome du Plessis-Belleville et d&#8217;une dur\u00e9e de 30 minutes, est accompagn\u00e9e d&#8217;un briefing s\u00e9curit\u00e9 et permet de d\u00e9couvrir concr\u00e8tement la pr\u00e9paration et la r\u00e9alisation d&#8217;un vol. A l&#8217;issue, votre pilote du jour vous emm\u00e8nera survoler divers lieux touristiques du d\u00e9partement de l&#8217;Oise ou de la r\u00e9gion, (ville de <a title=\"Creil\" href=\"http:\/\/aeroclubduvalois.fr\/?page_id=737\">Creil<\/a>, <a title=\"Pont-Sainte-Maxence\" href=\"http:\/\/aeroclubduvalois.fr\/?page_id=889\">Pont-Sainte-Maxence<\/a>,&nbsp; cath\u00e9drale de <a href=\"http:\/\/aeroclubduvalois.fr\/?page_id=3670\">Senlis<\/a>, ch\u00e2teaux de Pierrefonds, Mortefontaine ou <a title=\"Chantilly\" href=\"http:\/\/aeroclubduvalois.fr\/?page_id=451\">Chantilly<\/a>, <a title=\"Mer de Sable\" href=\"http:\/\/aeroclubduvalois.fr\/?page_id=457\">Mer de Sable<\/a>, <a title=\"Le Parc Ast\u00e9rix\" href=\"http:\/\/aeroclubduvalois.fr\/?page_id=3109\">Parc Ast\u00e9rix<\/a>&#8230;)<\/p>\n\n\n\n<p>N&#8217;oubliez pas de suivre le <a href=\"https:\/\/aeroclubduvalois.fr\/wp-content\/uploads\/2024\/03\/Guide-passager-VD-2024.pdf\" data-type=\"attachment\" data-id=\"5318\">Guide du bon passager<\/a><\/p>\n\n\n\n<h3 class=\"wp-block-heading\" style=\"line-height:0.5\">Tarifs:<\/h3>\n\n\n\n<p style=\"line-height:0.8\">Vol de d\u00e9couverte d&#8217;une dur\u00e9e de 30 minutes :<\/p>\n\n\n\n<ul class=\"wp-block-list\">\n<li>Pour une ou deux personnes : 90 \u20ac<\/li>\n\n\n\n<li>Pour 3 personnes : 120 \u20ac<\/li>\n\n\n\n<li>Tarif groupe \u00e0 partir de 6 personnes, 35\u20ac par personne et par vol<\/li>\n<\/ul>\n\n\n\n<h2 class=\"wp-block-heading\" style=\"line-height:1.8\">Vol d&#8217;initiation au pilotage<\/h2>\n\n\n\n<p>C&#8217;est une s\u00e9ance d&#8217;instruction d&#8217;environ 2 heures pr\u00e9vue pour une personne. Lors d&#8217;un briefing au sol, l&#8217;instructeur pr\u00e9sentera au stagiaire le vol de 30 minutes au d\u00e9part et \u00e0 l&#8217;arriv\u00e9e de l&#8217;a\u00e9rodrome du Plessis-Belleville qui correspond \u00e0 la premi\u00e8re le\u00e7on pour obtenir sa licence de pilote. Ce briefing pr\u00e9sente la fonction des diff\u00e9rentes parties de l&#8217;avion et permet de d\u00e9couvrir concr\u00e8tement la pr\u00e9paration et la r\u00e9alisation d&#8217;un vol. <\/p>\n\n\n\n<p>En vol, le stagiaire accompagn\u00e9 par son instructeur, pourra prendre les commandes de l&#8217;avion pour s&#8217;initier aux principes de base du pilotage. <\/p>\n\n\n\n<h2 class=\"wp-block-heading\" style=\"line-height:1.8\">Tarif :<\/h2>\n\n\n\n<p>Vol d&#8217;initiation au pilotage, s\u00e9ance d&#8217;environ 2 heures dont 30 minutes de vol : <\/p>\n\n\n\n<p style=\"line-height:0.5\">Pour une personne : 120 \u20ac<\/p>\n\n\n\n<figure class=\"wp-block-image aligncenter size-full\"><img loading=\"lazy\" decoding=\"async\" width=\"1024\" height=\"682\" src=\"https:\/\/aeroclubduvalois.fr\/wp-content\/uploads\/2010\/01\/chantilly_jm-urlacher.jpg\" alt=\"2 Avions du Club au-dessus du Ch\u00e2teau de Chantilly (c) Jean-Marie Urlacher-Info Pilote-\" class=\"wp-image-2865\" srcset=\"https:\/\/aeroclubduvalois.fr\/wp-content\/uploads\/2010\/01\/chantilly_jm-urlacher.jpg 1024w, https:\/\/aeroclubduvalois.fr\/wp-content\/uploads\/2010\/01\/chantilly_jm-urlacher-300x200.jpg 300w, https:\/\/aeroclubduvalois.fr\/wp-content\/uploads\/2010\/01\/chantilly_jm-urlacher-768x512.jpg 768w\" sizes=\"auto, (max-width: 1024px) 100vw, 1024px\" \/><figcaption class=\"wp-element-caption\">2 Avions du Club au-dessus du Ch\u00e2teau de Chantilly (c) Jean-Marie Urlacher-Info Pilote-<\/figcaption><\/figure>\n","protected":false},"excerpt":{"rendered":"<p>Cette balade a\u00e9rienne, au d\u00e9part et \u00e0 l&#8217;arriv\u00e9e de l&#8217;a\u00e9rodrome du Plessis-Belleville et d&#8217;une dur\u00e9e de 30 minutes, est accompagn\u00e9e d&#8217;un briefing s\u00e9curit\u00e9 et permet de d\u00e9couvrir concr\u00e8tement la pr\u00e9paration &hellip; <\/p>\n<p class=\"link-more\"><a href=\"https:\/\/aeroclubduvalois.fr\/index.php\/about\/baptemes-de-lair-2\/\" class=\"more-link\">Lire la suite de<span class=\"screen-reader-text\">\u00ab\u00a0Vol de d\u00e9couverte (Bapt\u00eame)\u00a0\u00bb<\/span><\/a><\/p>\n","protected":false},"author":1,"featured_media":2865,"parent":4954,"menu_order":0,"comment_status":"closed","ping_status":"closed","template":"","meta":{"inspiro_hide_title":false,"footnotes":""},"class_list":["post-380","page","type-page","status-publish","has-post-thumbnail","hentry"],"_links":{"self":[{"href":"https:\/\/aeroclubduvalois.fr\/index.php\/wp-json\/wp\/v2\/pages\/380","targetHints":{"allow":["GET"]}}],"collection":[{"href":"https:\/\/aeroclubduvalois.fr\/index.php\/wp-json\/wp\/v2\/pages"}],"about":[{"href":"https:\/\/aeroclubduvalois.fr\/index.php\/wp-json\/wp\/v2\/types\/page"}],"author":[{"embeddable":true,"href":"https:\/\/aeroclubduvalois.fr\/index.php\/wp-json\/wp\/v2\/users\/1"}],"replies":[{"embeddable":true,"href":"https:\/\/aeroclubduvalois.fr\/index.php\/wp-json\/wp\/v2\/comments?post=380"}],"version-history":[{"count":8,"href":"https:\/\/aeroclubduvalois.fr\/index.php\/wp-json\/wp\/v2\/pages\/380\/revisions"}],"predecessor-version":[{"id":5716,"href":"https:\/\/aeroclubduvalois.fr\/index.php\/wp-json\/wp\/v2\/pages\/380\/revisions\/5716"}],"up":[{"embeddable":true,"href":"https:\/\/aeroclubduvalois.fr\/index.php\/wp-json\/wp\/v2\/pages\/4954"}],"wp:featuredmedia":[{"embeddable":true,"href":"https:\/\/aeroclubduvalois.fr\/index.php\/wp-json\/wp\/v2\/media\/2865"}],"wp:attachment":[{"href":"https:\/\/aeroclubduvalois.fr\/index.php\/wp-json\/wp\/v2\/media?parent=380"}],"curies":[{"name":"wp","href":"https:\/\/api.w.org\/{rel}","templated":true}]}}