{"id":3670,"date":"2021-03-13T22:01:20","date_gmt":"2021-03-13T21:01:20","guid":{"rendered":"http:\/\/aeroclub-creil.org\/?page_id=3670"},"modified":"2021-03-13T22:01:20","modified_gmt":"2021-03-13T21:01:20","slug":"photographies-aeriennes-de-senlis","status":"publish","type":"page","link":"https:\/\/aeroclubduvalois.fr\/index.php\/photographies-aeriennes-de-senlis\/","title":{"rendered":"Photographies a\u00e9riennes de Senlis"},"content":{"rendered":"\n<h2 class=\"wp-block-heading\"><strong>La cath\u00e9drale de Senlis de nuit<\/strong><\/h2>\n\n\n\n<figure class=\"wp-block-image\"><img loading=\"lazy\" decoding=\"async\" width=\"1024\" height=\"512\" src=\"http:\/\/aeroclubduvalois.fr\/wp-content\/uploads\/2012\/10\/20120108_vdn_senlis_090-1024x512.jpg\" alt=\"Senlis, la cath\u00e9drale\" class=\"wp-image-2195\" srcset=\"https:\/\/aeroclubduvalois.fr\/wp-content\/uploads\/2012\/10\/20120108_vdn_senlis_090-1024x512.jpg 1024w, https:\/\/aeroclubduvalois.fr\/wp-content\/uploads\/2012\/10\/20120108_vdn_senlis_090-300x150.jpg 300w, https:\/\/aeroclubduvalois.fr\/wp-content\/uploads\/2012\/10\/20120108_vdn_senlis_090-768x384.jpg 768w, https:\/\/aeroclubduvalois.fr\/wp-content\/uploads\/2012\/10\/20120108_vdn_senlis_090.jpg 1280w\" sizes=\"auto, (max-width: 1024px) 100vw, 1024px\" \/><figcaption>La cath\u00e9drale Notre-Dame de Senlis.<br>Au premier plan, le Groupe Sportif, \u00e0 droite la Place des Ar\u00e8nes (ou &#8220;carrefour de l&#8217;ob\u00e9lisque Hugues Capet&#8221;)<br><\/figcaption><\/figure>\n\n\n\n<h2 class=\"wp-block-heading\"> <strong>Senlis de nuit<\/strong> <\/h2>\n\n\n\n<figure class=\"wp-block-image\"><img loading=\"lazy\" decoding=\"async\" width=\"1024\" height=\"512\" src=\"http:\/\/aeroclubduvalois.fr\/wp-content\/uploads\/2021\/03\/20120108_vdn_senlis_137-1024x512.jpg\" alt=\"\" class=\"wp-image-3677\" srcset=\"https:\/\/aeroclubduvalois.fr\/wp-content\/uploads\/2021\/03\/20120108_vdn_senlis_137-1024x512.jpg 1024w, https:\/\/aeroclubduvalois.fr\/wp-content\/uploads\/2021\/03\/20120108_vdn_senlis_137-300x150.jpg 300w, https:\/\/aeroclubduvalois.fr\/wp-content\/uploads\/2021\/03\/20120108_vdn_senlis_137-768x384.jpg 768w, https:\/\/aeroclubduvalois.fr\/wp-content\/uploads\/2021\/03\/20120108_vdn_senlis_137.jpg 1280w\" sizes=\"auto, (max-width: 1024px) 100vw, 1024px\" \/><figcaption>Au premier plan, le centre commercial de Villevert.<br>Du quartier Bonsecours, \u00e0 gauche, part l&#8217;autoroute A1.<br>Au fond, les lumi\u00e8res de Roissy et Paris.<br><\/figcaption><\/figure>\n","protected":false},"excerpt":{"rendered":"<p>La cath\u00e9drale de Senlis de nuit Senlis de nuit<\/p>\n","protected":false},"author":1,"featured_media":0,"parent":0,"menu_order":0,"comment_status":"closed","ping_status":"closed","template":"","meta":{"inspiro_hide_title":false,"footnotes":""},"class_list":["post-3670","page","type-page","status-publish","hentry"],"_links":{"self":[{"href":"https:\/\/aeroclubduvalois.fr\/index.php\/wp-json\/wp\/v2\/pages\/3670","targetHints":{"allow":["GET"]}}],"collection":[{"href":"https:\/\/aeroclubduvalois.fr\/index.php\/wp-json\/wp\/v2\/pages"}],"about":[{"href":"https:\/\/aeroclubduvalois.fr\/index.php\/wp-json\/wp\/v2\/types\/page"}],"author":[{"embeddable":true,"href":"https:\/\/aeroclubduvalois.fr\/index.php\/wp-json\/wp\/v2\/users\/1"}],"replies":[{"embeddable":true,"href":"https:\/\/aeroclubduvalois.fr\/index.php\/wp-json\/wp\/v2\/comments?post=3670"}],"version-history":[{"count":0,"href":"https:\/\/aeroclubduvalois.fr\/index.php\/wp-json\/wp\/v2\/pages\/3670\/revisions"}],"wp:attachment":[{"href":"https:\/\/aeroclubduvalois.fr\/index.php\/wp-json\/wp\/v2\/media?parent=3670"}],"curies":[{"name":"wp","href":"https:\/\/api.w.org\/{rel}","templated":true}]}}