{"id":3473,"date":"2020-10-18T18:31:01","date_gmt":"2020-10-18T16:31:01","guid":{"rendered":"http:\/\/aeroclub-creil.org\/?page_id=3473"},"modified":"2020-10-18T18:31:01","modified_gmt":"2020-10-18T16:31:01","slug":"lautorisation-de-base-lapl-abl","status":"publish","type":"page","link":"https:\/\/aeroclubduvalois.fr\/index.php\/about\/les-titres\/lautorisation-de-base-lapl-abl\/","title":{"rendered":"L\u2019Autorisation de Base LAPL &#8211; ABL"},"content":{"rendered":"<p>L&#8217;ABL est une autorisation partielle, dans le cadre de la formation <a title=\"La Licence de Pilote priv\u00e9 A\u00e9ronef L\u00e9ger, ou LAPL(A)\" href=\"http:\/\/aeroclubduvalois.fr\/?page_id=3471\">LAPL<\/a>, permettant de voler seul d\u00e8s 16 ans, dans un rayon de 25nm, autour du terrain de d\u00e9part.<\/p>\n<p>Des extensions sont possibles, apr\u00e8s validation par un instructeur :<\/p>\n<ul>\n<li>emport de passagers,<\/li>\n<li>atterrissage sur un terrain autre que le terrain de d\u00e9part,<\/li>\n<\/ul>\n","protected":false},"excerpt":{"rendered":"<p>L&#8217;ABL est une autorisation partielle, dans le cadre de la formation LAPL, permettant de voler seul d\u00e8s 16 ans, dans un rayon de 25nm, autour du terrain de d\u00e9part. Des &hellip; <\/p>\n<p class=\"link-more\"><a href=\"https:\/\/aeroclubduvalois.fr\/index.php\/about\/les-titres\/lautorisation-de-base-lapl-abl\/\" class=\"more-link\">Lire la suite de<span class=\"screen-reader-text\">\u00ab\u00a0L\u2019Autorisation de Base LAPL &#8211; ABL\u00a0\u00bb<\/span><\/a><\/p>\n","protected":false},"author":1,"featured_media":0,"parent":69,"menu_order":0,"comment_status":"closed","ping_status":"closed","template":"","meta":{"inspiro_hide_title":false,"footnotes":""},"class_list":["post-3473","page","type-page","status-publish","hentry"],"_links":{"self":[{"href":"https:\/\/aeroclubduvalois.fr\/index.php\/wp-json\/wp\/v2\/pages\/3473","targetHints":{"allow":["GET"]}}],"collection":[{"href":"https:\/\/aeroclubduvalois.fr\/index.php\/wp-json\/wp\/v2\/pages"}],"about":[{"href":"https:\/\/aeroclubduvalois.fr\/index.php\/wp-json\/wp\/v2\/types\/page"}],"author":[{"embeddable":true,"href":"https:\/\/aeroclubduvalois.fr\/index.php\/wp-json\/wp\/v2\/users\/1"}],"replies":[{"embeddable":true,"href":"https:\/\/aeroclubduvalois.fr\/index.php\/wp-json\/wp\/v2\/comments?post=3473"}],"version-history":[{"count":0,"href":"https:\/\/aeroclubduvalois.fr\/index.php\/wp-json\/wp\/v2\/pages\/3473\/revisions"}],"up":[{"embeddable":true,"href":"https:\/\/aeroclubduvalois.fr\/index.php\/wp-json\/wp\/v2\/pages\/69"}],"wp:attachment":[{"href":"https:\/\/aeroclubduvalois.fr\/index.php\/wp-json\/wp\/v2\/media?parent=3473"}],"curies":[{"name":"wp","href":"https:\/\/api.w.org\/{rel}","templated":true}]}}