{"id":3430,"date":"2020-08-09T13:03:51","date_gmt":"2020-08-09T11:03:51","guid":{"rendered":"http:\/\/aeroclub-creil.org\/?page_id=3430"},"modified":"2020-08-09T13:03:51","modified_gmt":"2020-08-09T11:03:51","slug":"forum-des-associations-2020-senlis","status":"publish","type":"page","link":"https:\/\/aeroclubduvalois.fr\/index.php\/forum-des-associations-2020-senlis\/","title":{"rendered":"Forum des Associations 2020 \u2013 Senlis"},"content":{"rendered":"<p>Chers visiteurs,<\/p>\n<p>l\u2019a\u00e9roclub de Creil-Senlis-Chantilly tiendra un stand au <a href=\"http:\/\/www.ville-senlis.fr\/Culture-Sport-Loisirs\/Vie-associative\/Forum-des-Associations\" target=\"_blank\" rel=\"noopener noreferrer\">Forum des associations de Senlis 2020<\/a> pr\u00e9vu le samedi 5 septembre 2020. Le forum sera ouvert au public de 10h \u00e0 18h. Cet \u00e9v\u00e8nement est l\u2019occasion de pr\u00e9senter le club aux visiteurs et de proposer des inscriptions pour les <a title=\"Bapt\u00eames de l\u2019air\" href=\"http:\/\/aeroclubduvalois.fr\/?page_id=380\">bapt\u00eames<\/a>, <a title=\"Stage d\u00e9couverte\" href=\"http:\/\/aeroclubduvalois.fr\/?page_id=2860\">vols d\u00e9couvertes<\/a> et formations <a title=\"Examen PPL pratique\" href=\"http:\/\/aeroclubduvalois.fr\/?page_id=101\">PPL<\/a>.<\/p>\n<p>Nous vous attendons, venez nombreux !<\/p>\n<hr \/>\n<p>Gymnase Yves Carlier et \u00e0 la Maison des Loisirs<br \/>\n21 rue Yves Carlier<br \/>\n<iframe loading=\"lazy\" width=\"720\" height=\"360\" frameborder=\"0\" scrolling=\"no\" marginheight=\"0\" marginwidth=\"0\" src=\"https:\/\/www.openstreetmap.org\/export\/embed.html?bbox=2.2590637207031254%2C49.04011858133584%2C2.945709228515625%2C49.35554477312124&amp;layer=mapnik\" style=\"border: 1px solid black\"><\/iframe><br \/><small><a href=\"https:\/\/www.openstreetmap.org\/#map=11\/49.1981\/2.6024\">Afficher une carte plus grande<\/a><\/small><\/p>\n","protected":false},"excerpt":{"rendered":"<p>Chers visiteurs, l\u2019a\u00e9roclub de Creil-Senlis-Chantilly tiendra un stand au Forum des associations de Senlis 2020 pr\u00e9vu le samedi 5 septembre 2020. Le forum sera ouvert au public de 10h \u00e0 &hellip; <\/p>\n<p class=\"link-more\"><a href=\"https:\/\/aeroclubduvalois.fr\/index.php\/forum-des-associations-2020-senlis\/\" class=\"more-link\">Lire la suite de<span class=\"screen-reader-text\">\u00ab\u00a0Forum des Associations 2020 \u2013 Senlis\u00a0\u00bb<\/span><\/a><\/p>\n","protected":false},"author":6,"featured_media":0,"parent":0,"menu_order":0,"comment_status":"closed","ping_status":"closed","template":"","meta":{"inspiro_hide_title":false,"footnotes":""},"class_list":["post-3430","page","type-page","status-publish","hentry"],"_links":{"self":[{"href":"https:\/\/aeroclubduvalois.fr\/index.php\/wp-json\/wp\/v2\/pages\/3430","targetHints":{"allow":["GET"]}}],"collection":[{"href":"https:\/\/aeroclubduvalois.fr\/index.php\/wp-json\/wp\/v2\/pages"}],"about":[{"href":"https:\/\/aeroclubduvalois.fr\/index.php\/wp-json\/wp\/v2\/types\/page"}],"author":[{"embeddable":true,"href":"https:\/\/aeroclubduvalois.fr\/index.php\/wp-json\/wp\/v2\/users\/6"}],"replies":[{"embeddable":true,"href":"https:\/\/aeroclubduvalois.fr\/index.php\/wp-json\/wp\/v2\/comments?post=3430"}],"version-history":[{"count":0,"href":"https:\/\/aeroclubduvalois.fr\/index.php\/wp-json\/wp\/v2\/pages\/3430\/revisions"}],"wp:attachment":[{"href":"https:\/\/aeroclubduvalois.fr\/index.php\/wp-json\/wp\/v2\/media?parent=3430"}],"curies":[{"name":"wp","href":"https:\/\/api.w.org\/{rel}","templated":true}]}}