{"id":3373,"date":"2020-05-24T22:51:03","date_gmt":"2020-05-24T20:51:03","guid":{"rendered":"http:\/\/aeroclub-creil.org\/?page_id=3373"},"modified":"2020-05-24T22:51:03","modified_gmt":"2020-05-24T20:51:03","slug":"covid-les-avions","status":"publish","type":"page","link":"https:\/\/aeroclubduvalois.fr\/index.php\/covid-les-avions\/","title":{"rendered":"COVID &#8211; Les avions"},"content":{"rendered":"<p>Claude S\u00e9verin, Didier Bober et Nicolas Pinhas ont pass\u00e9 l\u2019apr\u00e8s-midi du 14 mai au Plessis-Belleville afin de tenter de nous offrir la<br \/>\npossibilit\u00e9 de reprendre les vols avec toute la s\u00e9curit\u00e9 requise.<\/p>\n<p><strong>Bilan<\/strong><\/p>\n<ul>\n<li>deux avions sont maintenus \u00e0 l&#8217;arr\u00eat (<a href=\"http:\/\/aeroclubduvalois.fr\/?page_id=9\">GABM<\/a> et <a href=\"http:\/\/aeroclubduvalois.fr\/?page_id=191\">HARM<\/a>)<\/li>\n<li>deux avions sont disponibles (<a href=\"http:\/\/aeroclubduvalois.fr\/?page_id=692\">GOVB<\/a> et <a href=\"http:\/\/aeroclubduvalois.fr\/?page_id=2022\">GYLC<\/a>)<br \/>\nApr\u00e8s examen au sol, deux vols de contr\u00f4le de 15 minutes (2 tours de piste par avion) ont \u00e9t\u00e9 effectu\u00e9s. Les pleins des deux avions ont \u00e9t\u00e9 faits \u00e9galement.<\/li>\n<\/ul>\n<p><strong>Documentation <\/strong><\/p>\n<p>Nicolas a affich\u00e9 toute la documentation possible concernant :<\/p>\n<ul>\n<li>la d\u00e9sinfection des avions qui sera \u00e0 la charge de chaque utilisateur qui devra se munir de gel hydro-alcoolique, masque et gants et lingettes d\u00e9sinfectantes . Un document explicatif a \u00e9t\u00e9 coll\u00e9 au centre de chaque tableau de bord.<br \/>\nVisionnez \u00e9galement <a href=\"http:\/\/aeroclubduvalois.fr\/?page_id=3360\">cette vid\u00e9o<\/a>.<\/li>\n<li>les consignes d&#8217;utilisation sont bien s\u00fbr \u00e0 conna\u00eetre (rayon de 100km, etc)<\/li>\n<li><a href=\"http:\/\/aeroclubduvalois.fr\/?page_id=3367\">vos validit\u00e9s<\/a> doivent \u00eatre conformes aux documents \u00e9dit\u00e9s, IL EN VA DE VOTRE RESPONSABILITE !<\/li>\n<\/ul>\n<p>Merci \u00e0 Nicolas pour les documents suivants :<\/p>\n<ul>\n<li><a href=\"http:\/\/aeroclubduvalois.fr\/wp-content\/uploads\/2020\/05\/sportsguidesportparsport_fiches.pdf\" target=\"_blank\" rel=\"noopener noreferrer\">Guide sport par sport<\/a><\/li>\n<li><a href=\"http:\/\/aeroclubduvalois.fr\/wp-content\/uploads\/2020\/05\/Affiche-reprise-v11052020.pdf\" target=\"_blank\" rel=\"noopener noreferrer\">Affiche reprise<\/a><\/li>\n<li><a href=\"http:\/\/aeroclubduvalois.fr\/wp-content\/uploads\/2020\/05\/Affiche-wc.pdf\" target=\"_blank\" rel=\"noopener noreferrer\">Affiche WC<\/a><\/li>\n<li><a href=\"http:\/\/aeroclubduvalois.fr\/wp-content\/uploads\/2020\/05\/D\u00e9sinfecter-cockpit.pdf\" target=\"_blank\" rel=\"noopener noreferrer\">D\u00e9sinfecter cockpit<\/a><\/li>\n<li><a href=\"http:\/\/aeroclubduvalois.fr\/wp-content\/uploads\/2020\/05\/POUBELLE-STRICTEMENT-RESERVEE-AUX-MASQUES.pdf\" target=\"_blank\" rel=\"noopener noreferrer\">Poubelle<\/a><\/li>\n<\/ul>\n<p>&nbsp;<\/p>\n","protected":false},"excerpt":{"rendered":"<p>Claude S\u00e9verin, Didier Bober et Nicolas Pinhas ont pass\u00e9 l\u2019apr\u00e8s-midi du 14 mai au Plessis-Belleville afin de tenter de nous offrir la possibilit\u00e9 de reprendre les vols avec toute la &hellip; <\/p>\n<p class=\"link-more\"><a href=\"https:\/\/aeroclubduvalois.fr\/index.php\/covid-les-avions\/\" class=\"more-link\">Lire la suite de<span class=\"screen-reader-text\">\u00ab\u00a0COVID &#8211; Les avions\u00a0\u00bb<\/span><\/a><\/p>\n","protected":false},"author":6,"featured_media":0,"parent":0,"menu_order":0,"comment_status":"closed","ping_status":"closed","template":"","meta":{"inspiro_hide_title":false,"footnotes":""},"class_list":["post-3373","page","type-page","status-publish","hentry"],"_links":{"self":[{"href":"https:\/\/aeroclubduvalois.fr\/index.php\/wp-json\/wp\/v2\/pages\/3373","targetHints":{"allow":["GET"]}}],"collection":[{"href":"https:\/\/aeroclubduvalois.fr\/index.php\/wp-json\/wp\/v2\/pages"}],"about":[{"href":"https:\/\/aeroclubduvalois.fr\/index.php\/wp-json\/wp\/v2\/types\/page"}],"author":[{"embeddable":true,"href":"https:\/\/aeroclubduvalois.fr\/index.php\/wp-json\/wp\/v2\/users\/6"}],"replies":[{"embeddable":true,"href":"https:\/\/aeroclubduvalois.fr\/index.php\/wp-json\/wp\/v2\/comments?post=3373"}],"version-history":[{"count":0,"href":"https:\/\/aeroclubduvalois.fr\/index.php\/wp-json\/wp\/v2\/pages\/3373\/revisions"}],"wp:attachment":[{"href":"https:\/\/aeroclubduvalois.fr\/index.php\/wp-json\/wp\/v2\/media?parent=3373"}],"curies":[{"name":"wp","href":"https:\/\/api.w.org\/{rel}","templated":true}]}}