{"id":3360,"date":"2020-05-24T21:38:39","date_gmt":"2020-05-24T19:38:39","guid":{"rendered":"http:\/\/aeroclub-creil.org\/?page_id=3360"},"modified":"2020-05-24T21:38:39","modified_gmt":"2020-05-24T19:38:39","slug":"desinfection-des-avions","status":"publish","type":"page","link":"https:\/\/aeroclubduvalois.fr\/index.php\/desinfection-des-avions\/","title":{"rendered":"COVID &#8211; D\u00e9sinfection d&#8217;un avion l\u00e9ger"},"content":{"rendered":"<p>Pour la d\u00e9sinfection des avions, une vid\u00e9o est \u00e0 consulter :<\/p>\n<p><iframe loading=\"lazy\" title=\"Covid-19 - D\u00e9contamination d&#039;un ULM\/avion\" width=\"950\" height=\"534\" src=\"https:\/\/www.youtube.com\/embed\/qIgrPZT7RMM?feature=oembed\" frameborder=\"0\" allow=\"accelerometer; autoplay; clipboard-write; encrypted-media; gyroscope; picture-in-picture; web-share\" allowfullscreen><\/iframe><\/p>\n","protected":false},"excerpt":{"rendered":"<p>Pour la d\u00e9sinfection des avions, une vid\u00e9o est \u00e0 consulter :<\/p>\n","protected":false},"author":6,"featured_media":0,"parent":0,"menu_order":0,"comment_status":"closed","ping_status":"closed","template":"","meta":{"inspiro_hide_title":false,"footnotes":""},"class_list":["post-3360","page","type-page","status-publish","hentry"],"_links":{"self":[{"href":"https:\/\/aeroclubduvalois.fr\/index.php\/wp-json\/wp\/v2\/pages\/3360","targetHints":{"allow":["GET"]}}],"collection":[{"href":"https:\/\/aeroclubduvalois.fr\/index.php\/wp-json\/wp\/v2\/pages"}],"about":[{"href":"https:\/\/aeroclubduvalois.fr\/index.php\/wp-json\/wp\/v2\/types\/page"}],"author":[{"embeddable":true,"href":"https:\/\/aeroclubduvalois.fr\/index.php\/wp-json\/wp\/v2\/users\/6"}],"replies":[{"embeddable":true,"href":"https:\/\/aeroclubduvalois.fr\/index.php\/wp-json\/wp\/v2\/comments?post=3360"}],"version-history":[{"count":0,"href":"https:\/\/aeroclubduvalois.fr\/index.php\/wp-json\/wp\/v2\/pages\/3360\/revisions"}],"wp:attachment":[{"href":"https:\/\/aeroclubduvalois.fr\/index.php\/wp-json\/wp\/v2\/media?parent=3360"}],"curies":[{"name":"wp","href":"https:\/\/api.w.org\/{rel}","templated":true}]}}