{"id":3050,"date":"2015-09-22T10:33:10","date_gmt":"2015-09-22T08:33:10","guid":{"rendered":"http:\/\/aeroclub-creil.org\/?page_id=3050"},"modified":"2015-09-22T10:33:10","modified_gmt":"2015-09-22T08:33:10","slug":"creil-by-night","status":"publish","type":"page","link":"https:\/\/aeroclubduvalois.fr\/index.php\/creil-by-night\/","title":{"rendered":"Creil &#8220;by night&#8221;"},"content":{"rendered":"<h2><\/h2>\n<dl id=\"attachment_2061\" class=\"wp-caption aligncenter\" style=\"width: 1290px;\">\n<dt class=\"wp-caption-dt\"><a href=\"http:\/\/aeroclubduvalois.fr\/wp-content\/uploads\/2010\/05\/20120108_vdn_creil_065.jpg\"><img loading=\"lazy\" decoding=\"async\" class=\"size-full wp-image-2061 \" title=\"20120108_vdn_creil_065\" src=\"http:\/\/aeroclubduvalois.fr\/wp-content\/uploads\/2010\/05\/20120108_vdn_creil_065.jpg\" alt=\"Creil de nuit\" width=\"1280\" height=\"640\" srcset=\"https:\/\/aeroclubduvalois.fr\/wp-content\/uploads\/2010\/05\/20120108_vdn_creil_065.jpg 1280w, https:\/\/aeroclubduvalois.fr\/wp-content\/uploads\/2010\/05\/20120108_vdn_creil_065-300x150.jpg 300w, https:\/\/aeroclubduvalois.fr\/wp-content\/uploads\/2010\/05\/20120108_vdn_creil_065-1024x512.jpg 1024w, https:\/\/aeroclubduvalois.fr\/wp-content\/uploads\/2010\/05\/20120108_vdn_creil_065-768x384.jpg 768w\" sizes=\"auto, (max-width: 1280px) 100vw, 1280px\" \/><\/a><\/dt>\n<dd class=\"wp-caption-dd\">Au premier plan, le quartier des Cav\u00e9es et la tour Descartes. &#8220;Presque&#8221; derri\u00e8re, l&#8217;avenue Jules Uhry qui m\u00e8ne \u00e0 la gare, et la place Carnot.<\/dd>\n<\/dl>\n<p style=\"text-align: left;\">Le spectacle de la ville de Creil la nuit, captur\u00e9 au d\u00e9part du terrain lors d&#8217;un vol de nuit, une des nombreuses activit\u00e9s pratiqu\u00e9es \u00e0 l&#8217;a\u00e9ro-club.<\/p>\n","protected":false},"excerpt":{"rendered":"<p>Au premier plan, le quartier des Cav\u00e9es et la tour Descartes. &#8220;Presque&#8221; derri\u00e8re, l&#8217;avenue Jules Uhry qui m\u00e8ne \u00e0 la gare, et la place Carnot. Le spectacle de la ville &hellip; <\/p>\n<p class=\"link-more\"><a href=\"https:\/\/aeroclubduvalois.fr\/index.php\/creil-by-night\/\" class=\"more-link\">Lire la suite de<span class=\"screen-reader-text\">\u00ab\u00a0Creil &#8220;by night&#8221;\u00a0\u00bb<\/span><\/a><\/p>\n","protected":false},"author":1,"featured_media":0,"parent":0,"menu_order":0,"comment_status":"open","ping_status":"closed","template":"","meta":{"inspiro_hide_title":false,"footnotes":""},"class_list":["post-3050","page","type-page","status-publish","hentry"],"_links":{"self":[{"href":"https:\/\/aeroclubduvalois.fr\/index.php\/wp-json\/wp\/v2\/pages\/3050","targetHints":{"allow":["GET"]}}],"collection":[{"href":"https:\/\/aeroclubduvalois.fr\/index.php\/wp-json\/wp\/v2\/pages"}],"about":[{"href":"https:\/\/aeroclubduvalois.fr\/index.php\/wp-json\/wp\/v2\/types\/page"}],"author":[{"embeddable":true,"href":"https:\/\/aeroclubduvalois.fr\/index.php\/wp-json\/wp\/v2\/users\/1"}],"replies":[{"embeddable":true,"href":"https:\/\/aeroclubduvalois.fr\/index.php\/wp-json\/wp\/v2\/comments?post=3050"}],"version-history":[{"count":0,"href":"https:\/\/aeroclubduvalois.fr\/index.php\/wp-json\/wp\/v2\/pages\/3050\/revisions"}],"wp:attachment":[{"href":"https:\/\/aeroclubduvalois.fr\/index.php\/wp-json\/wp\/v2\/media?parent=3050"}],"curies":[{"name":"wp","href":"https:\/\/api.w.org\/{rel}","templated":true}]}}