{"id":2860,"date":"2015-02-05T15:03:42","date_gmt":"2015-02-05T14:03:42","guid":{"rendered":"http:\/\/aeroclub-creil.org\/?page_id=2860"},"modified":"2024-04-04T12:26:21","modified_gmt":"2024-04-04T10:26:21","slug":"stage-decouverte","status":"publish","type":"page","link":"https:\/\/aeroclubduvalois.fr\/index.php\/about\/stage-decouverte\/","title":{"rendered":"Stage d&#8217;initiation"},"content":{"rendered":"<h3><strong>Nouveau forfait &#8220;D\u00e9couverte pilotage&#8221;<\/strong><\/h3>\n<ul>\n<li>Vous avez toujours eu l&#8217;envie secr\u00e8te d&#8217;apprendre \u00e0 piloter ?<\/li>\n<li>Vous attendez plus qu&#8217;un simple bapt\u00eame ?<\/li>\n<li>Vous h\u00e9sitez \u00e0 vous engager ?<\/li>\n<\/ul>\n<h2 style=\"text-align: center;\"><span style=\"color: #0000ff;\">Venez essayer notre &#8220;Stage d&#8217;initiation&#8221;<\/span><\/h2>\n<p>Notre \u00e9quipe p\u00e9dagogique vous accompagnera dans votre d\u00e9marche.<\/p>\n<p>Une fois aux commandes de notre avion-\u00e9cole, vous d\u00e9velopperez avec votre instructeur une relation de confiance qui vous permettra d&#8217;apprivoiser et d\u00e9couvrir le ciel sous un angle comme jamais vous ne l&#8217;avez vu.<\/p>\n<h4><strong>450 euros<\/strong> le stage pour une personne.<\/h4>\n<h4>Ce tarif inclus 4 heures de formation dont 3 vols de 40 minutes* (briefings et d\u00e9briefings inclus) et la licence \u00e0 la F\u00e9d\u00e9ration Fran\u00e7aise A\u00e9ronautique.<\/h4>\n<h4><em>Ces heures seront comptabilis\u00e9es si vous poursuivez la formation dans notre a\u00e9roclub.<\/em><\/h4>\n<p><span style=\"text-decoration: underline;\">Programme des exercices en vol<\/span> :<\/p>\n<ul>\n<li>Mont\u00e9es<\/li>\n<li>Paliers<\/li>\n<li>Virages<\/li>\n<li>Descentes<\/li>\n<li>D\u00e9collage<\/li>\n<\/ul>\n<h2 style=\"text-align: center;\"><span style=\"color: #3366ff;\"><em>Et si vous \u00e9tiez d\u00e9j\u00e0 pilote sans le savoir ?<\/em><\/span><\/h2>\n","protected":false},"excerpt":{"rendered":"<p>Nouveau forfait &#8220;D\u00e9couverte pilotage&#8221; Vous avez toujours eu l&#8217;envie secr\u00e8te d&#8217;apprendre \u00e0 piloter ? Vous attendez plus qu&#8217;un simple bapt\u00eame ? Vous h\u00e9sitez \u00e0 vous engager ? Venez essayer notre &hellip; <\/p>\n<p class=\"link-more\"><a href=\"https:\/\/aeroclubduvalois.fr\/index.php\/about\/stage-decouverte\/\" class=\"more-link\">Lire la suite de<span class=\"screen-reader-text\">\u00ab\u00a0Stage d&#8217;initiation\u00a0\u00bb<\/span><\/a><\/p>\n","protected":false},"author":1,"featured_media":5368,"parent":4954,"menu_order":0,"comment_status":"closed","ping_status":"closed","template":"","meta":{"inspiro_hide_title":false,"footnotes":""},"class_list":["post-2860","page","type-page","status-publish","has-post-thumbnail","hentry"],"_links":{"self":[{"href":"https:\/\/aeroclubduvalois.fr\/index.php\/wp-json\/wp\/v2\/pages\/2860","targetHints":{"allow":["GET"]}}],"collection":[{"href":"https:\/\/aeroclubduvalois.fr\/index.php\/wp-json\/wp\/v2\/pages"}],"about":[{"href":"https:\/\/aeroclubduvalois.fr\/index.php\/wp-json\/wp\/v2\/types\/page"}],"author":[{"embeddable":true,"href":"https:\/\/aeroclubduvalois.fr\/index.php\/wp-json\/wp\/v2\/users\/1"}],"replies":[{"embeddable":true,"href":"https:\/\/aeroclubduvalois.fr\/index.php\/wp-json\/wp\/v2\/comments?post=2860"}],"version-history":[{"count":3,"href":"https:\/\/aeroclubduvalois.fr\/index.php\/wp-json\/wp\/v2\/pages\/2860\/revisions"}],"predecessor-version":[{"id":5335,"href":"https:\/\/aeroclubduvalois.fr\/index.php\/wp-json\/wp\/v2\/pages\/2860\/revisions\/5335"}],"up":[{"embeddable":true,"href":"https:\/\/aeroclubduvalois.fr\/index.php\/wp-json\/wp\/v2\/pages\/4954"}],"wp:featuredmedia":[{"embeddable":true,"href":"https:\/\/aeroclubduvalois.fr\/index.php\/wp-json\/wp\/v2\/media\/5368"}],"wp:attachment":[{"href":"https:\/\/aeroclubduvalois.fr\/index.php\/wp-json\/wp\/v2\/media?parent=2860"}],"curies":[{"name":"wp","href":"https:\/\/api.w.org\/{rel}","templated":true}]}}