{"id":2348,"date":"2013-12-27T18:31:55","date_gmt":"2013-12-27T17:31:55","guid":{"rendered":"http:\/\/aeroclub-creil.org\/?page_id=2348"},"modified":"2026-04-10T19:35:26","modified_gmt":"2026-04-10T17:35:26","slug":"securite-aerienne-rex-sgs","status":"publish","type":"page","link":"https:\/\/aeroclubduvalois.fr\/index.php\/espace-membres\/telechargements\/securite-aerienne-rex-sgs\/","title":{"rendered":"Espace Pr\u00e9vention S\u00e9curit\u00e9 &#8211; Statuts &#8211; R\u00e8glement int\u00e9rieur &#8211; Manex"},"content":{"rendered":"\n<p>Vous pouvez t\u00e9l\u00e9charger sur cette page l&#8217;ensemble des documents DTO et CPS de l&#8217;A\u00e9roclub du Valois<\/p>\n\n\n\n<p><\/p>\n\n\n\n<div class=\"wp-block-file\"><a id=\"wp-block-file--media-cf30eda1-a835-42d3-be8e-913b76e266e6\" href=\"https:\/\/aeroclubduvalois.fr\/wp-content\/uploads\/2024\/05\/2024-03-15_DTO_Politique-de-securite-AC-Valois_-Ed-1-Amt-2.pdf\" target=\"_blank\" rel=\"noreferrer noopener\">Politique de s\u00e9curit\u00e9 AC Valois<\/a><\/div>\n\n\n\n<div class=\"wp-block-file\"><a id=\"wp-block-file--media-12ce8f5e-0f07-4acd-8e37-4a27f3a646bc\" href=\"https:\/\/aeroclubduvalois.fr\/wp-content\/uploads\/2025\/03\/20240101-Bilan-CPS-2024-et-plan-daction-2025.pdf\" target=\"_blank\" rel=\"noreferrer noopener\">Bilan CPS 2024 et plan d&#8217;action s\u00e9curit\u00e9 2025<\/a><\/div>\n\n\n\n<div class=\"wp-block-file\"><a id=\"wp-block-file--media-c308c0db-e058-47f4-814e-611b77be2ec6\" href=\"https:\/\/aeroclubduvalois.fr\/wp-content\/uploads\/2024\/05\/2024-03-13_DTO_Manuel-de-formation-AC-Valois-edition-2-13-03-24.pdf\" target=\"_blank\" rel=\"noreferrer noopener\">Manuel de formation AC Valois<\/a><\/div>\n\n\n\n<div class=\"wp-block-file\"><a href=\"http:\/\/aeroclubduvalois.fr\/wp-content\/uploads\/2021\/04\/2019-11-01_DTO_Aerogligli-Manuel_de_formation_theorique_e-learning_DTO1.pdf\">Manuel de formation th\u00e9orique e-learning<\/a><\/div>\n\n\n\n<div class=\"wp-block-file\"><a id=\"wp-block-file--media-eff4502b-e2af-4098-9008-1e707498a2aa\" href=\"https:\/\/aeroclubduvalois.fr\/wp-content\/uploads\/2024\/05\/2024-03-13_DTO_MANUEL-ORGANISATION-ET-EXPLOITATION-DTO-03-2024.pdf\" target=\"_blank\" rel=\"noreferrer noopener\">Manuel d&#8217;organisation et d&#8217;exploitation AC Valois (MANEX)<\/a><\/div>\n\n\n\n<div class=\"wp-block-file\"><a id=\"wp-block-file--media-c8f00d63-0e5b-47d3-ac99-f74d6ba3cb66\" href=\"https:\/\/aeroclubduvalois.fr\/wp-content\/uploads\/2025\/10\/2025-10-28_DTO_MANUEL-ORGANISATION-et-EXPLOITATION-DTO-09-2025-Annexes-amandement-8.pdf\" target=\"_blank\" rel=\"noreferrer noopener\">Annexes au MANUEL ORGANISATION et EXPLOITATION<\/a><\/div>\n\n\n\n<div class=\"wp-block-file\"><a id=\"wp-block-file--media-967d93e5-a617-46b7-a289-daa139a2f32f\" href=\"https:\/\/aeroclubduvalois.fr\/wp-content\/uploads\/2024\/05\/2024-01-06_Statuts_Aeroclub_du_Valois_signes.pdf\" target=\"_blank\" rel=\"noreferrer noopener\">Statuts A\u00e9roclub du Valois<\/a><\/div>\n\n\n\n<div class=\"wp-block-file\"><a id=\"wp-block-file--media-7db59757-aff7-4100-aafe-c5ec5d2b5eea\" href=\"https:\/\/aeroclubduvalois.fr\/wp-content\/uploads\/2026\/04\/2026-04-01_Reglement-Interieur.pdf\" target=\"_blank\" rel=\"noreferrer noopener\">2026-04-01_Reglement Interieur<\/a><\/div>\n\n\n\n<p><\/p>\n","protected":false},"excerpt":{"rendered":"<p>Vous pouvez t\u00e9l\u00e9charger sur cette page l&#8217;ensemble des documents DTO et CPS de l&#8217;A\u00e9roclub du Valois<\/p>\n","protected":false},"author":1,"featured_media":0,"parent":113,"menu_order":15,"comment_status":"closed","ping_status":"closed","template":"","meta":{"inspiro_hide_title":false,"footnotes":""},"class_list":["post-2348","page","type-page","status-publish","hentry"],"_links":{"self":[{"href":"https:\/\/aeroclubduvalois.fr\/index.php\/wp-json\/wp\/v2\/pages\/2348","targetHints":{"allow":["GET"]}}],"collection":[{"href":"https:\/\/aeroclubduvalois.fr\/index.php\/wp-json\/wp\/v2\/pages"}],"about":[{"href":"https:\/\/aeroclubduvalois.fr\/index.php\/wp-json\/wp\/v2\/types\/page"}],"author":[{"embeddable":true,"href":"https:\/\/aeroclubduvalois.fr\/index.php\/wp-json\/wp\/v2\/users\/1"}],"replies":[{"embeddable":true,"href":"https:\/\/aeroclubduvalois.fr\/index.php\/wp-json\/wp\/v2\/comments?post=2348"}],"version-history":[{"count":10,"href":"https:\/\/aeroclubduvalois.fr\/index.php\/wp-json\/wp\/v2\/pages\/2348\/revisions"}],"predecessor-version":[{"id":6261,"href":"https:\/\/aeroclubduvalois.fr\/index.php\/wp-json\/wp\/v2\/pages\/2348\/revisions\/6261"}],"up":[{"embeddable":true,"href":"https:\/\/aeroclubduvalois.fr\/index.php\/wp-json\/wp\/v2\/pages\/113"}],"wp:attachment":[{"href":"https:\/\/aeroclubduvalois.fr\/index.php\/wp-json\/wp\/v2\/media?parent=2348"}],"curies":[{"name":"wp","href":"https:\/\/api.w.org\/{rel}","templated":true}]}}