{"id":1193,"date":"2011-03-05T16:30:29","date_gmt":"2011-03-05T15:30:29","guid":{"rendered":"http:\/\/aeroclub-creil.org\/?page_id=1193"},"modified":"2011-03-05T16:30:29","modified_gmt":"2011-03-05T15:30:29","slug":"technique","status":"publish","type":"page","link":"https:\/\/aeroclubduvalois.fr\/index.php\/technique\/","title":{"rendered":"Technique"},"content":{"rendered":"<h2>H\u00e9bergement<\/h2>\n<p>Ce site est h\u00e9berg\u00e9 par Online SAS<\/p>\n<ul>\n<li>Online SAS &#8211; BP 438 75366 PARIS CEDEX 08<\/li>\n<li><a href=\"http:\/\/www.online.net\/\">http:\/\/www.online.net\/<\/a><\/li>\n<\/ul>\n<h2>R\u00e9alisation<\/h2>\n<p>Ce site est r\u00e9alis\u00e9 avec WordPress : <a href=\"http:\/\/wordpress.org\/\">http:\/\/wordpress.org\/<\/a><\/p>\n<h3>Th\u00e8me<\/h3>\n<p>Le th\u00e8me utilis\u00e9 est Atahualpa : <a href=\"http:\/\/wordpress.bytesforall.com\/\">http:\/\/wordpress.bytesforall.com\/<\/a><\/p>\n<h3>Extensions<\/h3>\n<ul>\n<li><strong>Akismet <\/strong>: anti-spam prot\u00e9geant les messages,<br \/>\n<a title=\"Akismet\" href=\"http:\/\/akismet.com\/\">http:\/\/akismet.com\/<\/a><\/li>\n<li><strong>Flexi Pages Widget <\/strong>: widget permettant la gestion de menus dans les barres lat\u00e9rales,<br \/>\n<a title=\"Flexi Pages Widget\" href=\"http:\/\/srinig.com\/wordpress\/plugins\/flexi-pages\/\">http:\/\/srinig.com\/wordpress\/plugins\/flexi-pages\/<\/a><\/li>\n<li><strong>Link to Post <\/strong>: fonction facilitant les liens depuis le texte d&#8217;un article ou d&#8217;une page vers un article, une page, une cat\u00e9gorie, ou un mot-cl\u00e9 existant,<br \/>\n<a title=\"Link to Post\" href=\"http:\/\/julienappert.com\/realisations\/plugin-link-to-post\">http:\/\/julienappert.com\/realisations\/plugin-link-to-post<\/a><\/li>\n<li><strong>WP-DownloadManager <\/strong>: gestion des fichiers en t\u00e9l\u00e9chargements.<br \/>\n<a title=\"WP-DownloadManager\" href=\"http:\/\/lesterchan.net\/portfolio\/programming\/php\/\">http:\/\/lesterchan.net\/portfolio\/programming\/php\/<\/a><\/li>\n<li><strong>wpNamedUsers <\/strong>: gestion des utilisateurs et de leurs droits d&#8217;acc\u00e8s,<br \/>\n<a title=\"wpNamedUsers\" href=\"http:\/\/wordpress.sundskard.dk\/archives\/category\/wpnamedusers\/\">http:\/\/wordpress.sundskard.dk\/archives\/category\/wpnamedusers\/<\/a><\/li>\n<li><strong>WP-Optimize<\/strong> : permet de purger la base des anciennes versions de page, article ou message<br \/>\n<a title=\"WP-Optimize\" href=\"http:\/\/www.ruhanirabin.com\/wp-optimize\/\" target=\"_blank\" rel=\"noopener\">http:\/\/www.ruhanirabin.com\/wp-optimize\/<\/a><strong><\/strong><\/li>\n<li><strong>WPtouch <\/strong>: extension pour affichage sur SmartPhone,<br \/>\n<a title=\"WPtouch\" href=\"http:\/\/www.bravenewcode.com\/wptouch\/\">http:\/\/www.bravenewcode.com\/wptouch\/<\/a><\/li>\n<\/ul>\n","protected":false},"excerpt":{"rendered":"<p>H\u00e9bergement Ce site est h\u00e9berg\u00e9 par Online SAS Online SAS &#8211; BP 438 75366 PARIS CEDEX 08 http:\/\/www.online.net\/ R\u00e9alisation Ce site est r\u00e9alis\u00e9 avec WordPress : http:\/\/wordpress.org\/ Th\u00e8me Le th\u00e8me &hellip; <\/p>\n<p class=\"link-more\"><a href=\"https:\/\/aeroclubduvalois.fr\/index.php\/technique\/\" class=\"more-link\">Lire la suite de<span class=\"screen-reader-text\">\u00ab\u00a0Technique\u00a0\u00bb<\/span><\/a><\/p>\n","protected":false},"author":1,"featured_media":0,"parent":0,"menu_order":0,"comment_status":"closed","ping_status":"closed","template":"","meta":{"inspiro_hide_title":false,"footnotes":""},"class_list":["post-1193","page","type-page","status-publish","hentry"],"_links":{"self":[{"href":"https:\/\/aeroclubduvalois.fr\/index.php\/wp-json\/wp\/v2\/pages\/1193","targetHints":{"allow":["GET"]}}],"collection":[{"href":"https:\/\/aeroclubduvalois.fr\/index.php\/wp-json\/wp\/v2\/pages"}],"about":[{"href":"https:\/\/aeroclubduvalois.fr\/index.php\/wp-json\/wp\/v2\/types\/page"}],"author":[{"embeddable":true,"href":"https:\/\/aeroclubduvalois.fr\/index.php\/wp-json\/wp\/v2\/users\/1"}],"replies":[{"embeddable":true,"href":"https:\/\/aeroclubduvalois.fr\/index.php\/wp-json\/wp\/v2\/comments?post=1193"}],"version-history":[{"count":0,"href":"https:\/\/aeroclubduvalois.fr\/index.php\/wp-json\/wp\/v2\/pages\/1193\/revisions"}],"wp:attachment":[{"href":"https:\/\/aeroclubduvalois.fr\/index.php\/wp-json\/wp\/v2\/media?parent=1193"}],"curies":[{"name":"wp","href":"https:\/\/api.w.org\/{rel}","templated":true}]}}