{"id":113,"date":"2010-01-24T10:42:38","date_gmt":"2010-01-24T09:42:38","guid":{"rendered":"http:\/\/aeroclub-creil.org\/?page_id=113"},"modified":"2010-01-24T10:42:38","modified_gmt":"2010-01-24T09:42:38","slug":"telechargements","status":"publish","type":"page","link":"https:\/\/aeroclubduvalois.fr\/index.php\/espace-membres\/telechargements\/","title":{"rendered":"T\u00e9l\u00e9chargements"},"content":{"rendered":"\n<p><a href=\"http:\/\/aeroclubduvalois.fr\/?page_id=2348\" data-type=\"URL\" data-id=\"http:\/\/aeroclubduvalois.fr\/?page_id=2348\">Espace Pr\u00e9vention S\u00e9curit\u00e9 \u2013 CPS<\/a><\/p>\n\n\n\n<p><a title=\"Documentation Avion\" href=\"http:\/\/aeroclubduvalois.fr\/?page_id=606\">Documentation Avion<\/a><\/p>\n\n\n\n<p><a title=\"Documentation Pilote\" href=\"http:\/\/aeroclubduvalois.fr\/?page_id=538\">Documentation Pilote<\/a><\/p>\n\n\n\n<p><a href=\"http:\/\/aeroclubduvalois.fr\/?page_id=3889\" data-type=\"URL\" data-id=\"http:\/\/aeroclubduvalois.fr\/?page_id=3889\">R\u00e8glement int\u00e9rieur et Statuts<\/a><\/p>\n\n\n\n<p><a href=\"http:\/\/aeroclubduvalois.fr\/?page_id=587\" data-type=\"page\" data-id=\"587\">Informations diverses<\/a><\/p>\n","protected":false},"excerpt":{"rendered":"<p>Espace Pr\u00e9vention S\u00e9curit\u00e9 \u2013 CPS Documentation Avion Documentation Pilote R\u00e8glement int\u00e9rieur et Statuts Informations diverses<\/p>\n","protected":false},"author":1,"featured_media":0,"parent":124,"menu_order":20,"comment_status":"closed","ping_status":"closed","template":"","meta":{"inspiro_hide_title":false,"footnotes":""},"class_list":["post-113","page","type-page","status-publish","hentry"],"_links":{"self":[{"href":"https:\/\/aeroclubduvalois.fr\/index.php\/wp-json\/wp\/v2\/pages\/113","targetHints":{"allow":["GET"]}}],"collection":[{"href":"https:\/\/aeroclubduvalois.fr\/index.php\/wp-json\/wp\/v2\/pages"}],"about":[{"href":"https:\/\/aeroclubduvalois.fr\/index.php\/wp-json\/wp\/v2\/types\/page"}],"author":[{"embeddable":true,"href":"https:\/\/aeroclubduvalois.fr\/index.php\/wp-json\/wp\/v2\/users\/1"}],"replies":[{"embeddable":true,"href":"https:\/\/aeroclubduvalois.fr\/index.php\/wp-json\/wp\/v2\/comments?post=113"}],"version-history":[{"count":0,"href":"https:\/\/aeroclubduvalois.fr\/index.php\/wp-json\/wp\/v2\/pages\/113\/revisions"}],"up":[{"embeddable":true,"href":"https:\/\/aeroclubduvalois.fr\/index.php\/wp-json\/wp\/v2\/pages\/124"}],"wp:attachment":[{"href":"https:\/\/aeroclubduvalois.fr\/index.php\/wp-json\/wp\/v2\/media?parent=113"}],"curies":[{"name":"wp","href":"https:\/\/api.w.org\/{rel}","templated":true}]}}